{"id":28,"date":"2021-06-15T11:56:33","date_gmt":"2021-06-15T09:56:33","guid":{"rendered":"http:\/\/vagabondecreation.fr\/?page_id=28"},"modified":"2023-10-10T16:02:43","modified_gmt":"2023-10-10T14:02:43","slug":"about-me","status":"publish","type":"page","link":"https:\/\/vagabondecreation.fr\/en\/about-me\/","title":{"rendered":"ABOUT ME."},"content":{"rendered":"<div data-elementor-type=\"wp-page\" data-elementor-id=\"28\" class=\"elementor elementor-28\">\n\t\t\t\t\t\t<section class=\"elementor-section elementor-top-section elementor-element elementor-element-2ff5171 elementor-section-boxed elementor-section-height-default elementor-section-height-default\" data-id=\"2ff5171\" data-element_type=\"section\" data-e-type=\"section\">\n\t\t\t\t\t\t<div class=\"elementor-container elementor-column-gap-default\">\n\t\t\t\t\t<div class=\"elementor-column elementor-col-66 elementor-top-column elementor-element elementor-element-172e78b\" data-id=\"172e78b\" data-element_type=\"column\" data-e-type=\"column\">\n\t\t\t<div class=\"elementor-widget-wrap elementor-element-populated\">\n\t\t\t\t\t\t<div class=\"elementor-element elementor-element-3ddbcc3 elementor-widget elementor-widget-heading\" data-id=\"3ddbcc3\" data-element_type=\"widget\" data-e-type=\"widget\" data-widget_type=\"heading.default\">\n\t\t\t\t<div class=\"elementor-widget-container\">\n\t\t\t\t\t<h2 class=\"elementor-heading-title elementor-size-default\">Pour apprendre \u00e0 me conna\u00eetre:<\/h2>\t\t\t\t<\/div>\n\t\t\t\t<\/div>\n\t\t\t\t<section class=\"elementor-section elementor-inner-section elementor-element elementor-element-836b7af elementor-section-boxed elementor-section-height-default elementor-section-height-default\" data-id=\"836b7af\" data-element_type=\"section\" data-e-type=\"section\">\n\t\t\t\t\t\t<div class=\"elementor-container elementor-column-gap-default\">\n\t\t\t\t\t<div class=\"elementor-column elementor-col-100 elementor-inner-column elementor-element elementor-element-bf228bf\" data-id=\"bf228bf\" data-element_type=\"column\" data-e-type=\"column\">\n\t\t\t<div class=\"elementor-widget-wrap elementor-element-populated\">\n\t\t\t\t\t\t<div class=\"elementor-element elementor-element-8299994 elementor-widget elementor-widget-text-editor\" data-id=\"8299994\" data-element_type=\"widget\" data-e-type=\"widget\" data-widget_type=\"text-editor.default\">\n\t\t\t\t<div class=\"elementor-widget-container\">\n\t\t\t\t\t\t\t\t\t<p>Bienvenu dans mon univers,<\/p><p>pour ceux qui ne me connaissent pas d\u00e9j\u00e0, je m&#8217;appelle Faustine TELLESCHI, j&#8217;ai 23 ans (et\u00a0 toutes mes dents).<\/p><p>Cr\u00e9er ce site me permet de poster toutes mes cr\u00e9ations, mais surtout de les partager avec vous.<\/p><p>Il y a un an tout juste j&#8217;ai pris la d\u00e9cision de laisser parler ma cr\u00e9ativit\u00e9 librement.<\/p><p>J&#8217;ai toujours \u00e9t\u00e9 touche \u00e0 tout mais il me manquait le courage de pousser le projet plus loin.<\/p><p>Aujourd&#8217;hui il prends vie, et ce, en partie gr\u00e2ce \u00e0 vous.<\/p><p>Alors je vous souhaite bon voyage au travers de ma folie cr\u00e9ative sans limite.<\/p><p>Fau \u273f<\/p>\t\t\t\t\t\t\t\t<\/div>\n\t\t\t\t<\/div>\n\t\t\t\t\t<\/div>\n\t\t<\/div>\n\t\t\t\t\t<\/div>\n\t\t<\/section>\n\t\t\t\t<section class=\"elementor-section elementor-inner-section elementor-element elementor-element-cbad141 elementor-section-boxed elementor-section-height-default elementor-section-height-default\" data-id=\"cbad141\" data-element_type=\"section\" data-e-type=\"section\">\n\t\t\t\t\t\t<div class=\"elementor-container elementor-column-gap-default\">\n\t\t\t\t\t<div class=\"elementor-column elementor-col-50 elementor-inner-column elementor-element elementor-element-051edaf\" data-id=\"051edaf\" data-element_type=\"column\" data-e-type=\"column\">\n\t\t\t<div class=\"elementor-widget-wrap elementor-element-populated\">\n\t\t\t\t\t\t<div class=\"elementor-element elementor-element-46215ef elementor-widget elementor-widget-image\" data-id=\"46215ef\" data-element_type=\"widget\" data-e-type=\"widget\" data-widget_type=\"image.default\">\n\t\t\t\t<div class=\"elementor-widget-container\">\n\t\t\t\t\t\t\t\t\t\t\t\t\t\t\t<img fetchpriority=\"high\" decoding=\"async\" width=\"500\" height=\"700\" src=\"https:\/\/vagabondecreation.fr\/wp-content\/uploads\/2021\/09\/IMG_9195-500x700.jpg\" class=\"attachment-amartha_image_size_tall size-amartha_image_size_tall wp-image-682\" alt=\"\" \/>\t\t\t\t\t\t\t\t\t\t\t\t\t\t\t<\/div>\n\t\t\t\t<\/div>\n\t\t\t\t\t<\/div>\n\t\t<\/div>\n\t\t\t\t<div class=\"elementor-column elementor-col-50 elementor-inner-column elementor-element elementor-element-41cfd51\" data-id=\"41cfd51\" data-element_type=\"column\" data-e-type=\"column\">\n\t\t\t<div class=\"elementor-widget-wrap elementor-element-populated\">\n\t\t\t\t\t\t<div class=\"elementor-element elementor-element-4deed1d elementor-widget elementor-widget-image\" data-id=\"4deed1d\" data-element_type=\"widget\" data-e-type=\"widget\" data-widget_type=\"image.default\">\n\t\t\t\t<div class=\"elementor-widget-container\">\n\t\t\t\t\t\t\t\t\t\t\t\t\t\t\t<img decoding=\"async\" width=\"500\" height=\"700\" src=\"https:\/\/vagabondecreation.fr\/wp-content\/uploads\/2021\/09\/IMG_8894-500x700.jpg\" class=\"attachment-amartha_image_size_tall size-amartha_image_size_tall wp-image-669\" alt=\"\" \/>\t\t\t\t\t\t\t\t\t\t\t\t\t\t\t<\/div>\n\t\t\t\t<\/div>\n\t\t\t\t\t<\/div>\n\t\t<\/div>\n\t\t\t\t\t<\/div>\n\t\t<\/section>\n\t\t\t\t\t<\/div>\n\t\t<\/div>\n\t\t\t\t<div class=\"elementor-column elementor-col-33 elementor-top-column elementor-element elementor-element-340dae1\" data-id=\"340dae1\" data-element_type=\"column\" data-e-type=\"column\">\n\t\t\t<div class=\"elementor-widget-wrap elementor-element-populated\">\n\t\t\t\t\t\t<div class=\"elementor-element elementor-element-c6b3799 elementor-widget elementor-widget-image\" data-id=\"c6b3799\" data-element_type=\"widget\" data-e-type=\"widget\" data-widget_type=\"image.default\">\n\t\t\t\t<div class=\"elementor-widget-container\">\n\t\t\t\t\t\t\t\t\t\t\t\t\t\t\t<img decoding=\"async\" width=\"768\" height=\"1024\" src=\"https:\/\/vagabondecreation.fr\/wp-content\/uploads\/2021\/09\/IMG_1042-768x1024.jpg\" class=\"attachment-large size-large wp-image-568\" alt=\"\" srcset=\"https:\/\/vagabondecreation.fr\/wp-content\/uploads\/2021\/09\/IMG_1042-768x1024.jpg 768w, https:\/\/vagabondecreation.fr\/wp-content\/uploads\/2021\/09\/IMG_1042-scaled-300x400.jpg 300w, https:\/\/vagabondecreation.fr\/wp-content\/uploads\/2021\/09\/IMG_1042-225x300.jpg 225w, https:\/\/vagabondecreation.fr\/wp-content\/uploads\/2021\/09\/IMG_1042-1152x1536.jpg 1152w, https:\/\/vagabondecreation.fr\/wp-content\/uploads\/2021\/09\/IMG_1042-1536x2048.jpg 1536w, https:\/\/vagabondecreation.fr\/wp-content\/uploads\/2021\/09\/IMG_1042-scaled.jpg 1920w\" sizes=\"(max-width: 768px) 100vw, 768px\" \/>\t\t\t\t\t\t\t\t\t\t\t\t\t\t\t<\/div>\n\t\t\t\t<\/div>\n\t\t\t\t<div class=\"elementor-element elementor-element-5eda5d5 elementor-widget elementor-widget-spacer\" data-id=\"5eda5d5\" data-element_type=\"widget\" data-e-type=\"widget\" data-widget_type=\"spacer.default\">\n\t\t\t\t<div class=\"elementor-widget-container\">\n\t\t\t\t\t\t\t<div class=\"elementor-spacer\">\n\t\t\t<div class=\"elementor-spacer-inner\"><\/div>\n\t\t<\/div>\n\t\t\t\t\t\t<\/div>\n\t\t\t\t<\/div>\n\t\t\t\t<div class=\"elementor-element elementor-element-a6d89eb elementor-widget elementor-widget-heading\" data-id=\"a6d89eb\" data-element_type=\"widget\" data-e-type=\"widget\" data-widget_type=\"heading.default\">\n\t\t\t\t<div class=\"elementor-widget-container\">\n\t\t\t\t\t<h2 class=\"elementor-heading-title elementor-size-medium\"><a href=\"https:\/\/www.instagram.com\/_vagabonde.ft\/?hl=fr\">@vagabonde.ft<\/a><\/h2>\t\t\t\t<\/div>\n\t\t\t\t<\/div>\n\t\t\t\t<div class=\"elementor-element elementor-element-3d829a9 elementor-widget elementor-widget-heading\" data-id=\"3d829a9\" data-element_type=\"widget\" data-e-type=\"widget\" data-widget_type=\"heading.default\">\n\t\t\t\t<div class=\"elementor-widget-container\">\n\t\t\t\t\t<h2 class=\"elementor-heading-title elementor-size-medium\"><a href=\"https:\/\/www.instagram.com\/vagabonde.creation\/?hl=fr\">@vagabonde.creation<\/a><\/h2>\t\t\t\t<\/div>\n\t\t\t\t<\/div>\n\t\t\t\t\t<\/div>\n\t\t<\/div>\n\t\t\t\t\t<\/div>\n\t\t<\/section>\n\t\t\t\t<\/div>","protected":false},"excerpt":{"rendered":"<p>Pour apprendre \u00e0 me conna\u00eetre: Bienvenu dans mon univers, pour ceux qui ne me connaissent pas d\u00e9j\u00e0, je&#8230;<\/p>","protected":false},"author":1,"featured_media":0,"parent":0,"menu_order":0,"comment_status":"closed","ping_status":"closed","template":"","meta":{"_acf_changed":false,"_monsterinsights_skip_tracking":false,"_monsterinsights_sitenote_active":false,"_monsterinsights_sitenote_note":"","_monsterinsights_sitenote_category":0,"footnotes":""},"class_list":["post-28","page","type-page","status-publish","hentry"],"acf":[],"jetpack_sharing_enabled":true,"_links":{"self":[{"href":"https:\/\/vagabondecreation.fr\/en\/wp-json\/wp\/v2\/pages\/28","targetHints":{"allow":["GET"]}}],"collection":[{"href":"https:\/\/vagabondecreation.fr\/en\/wp-json\/wp\/v2\/pages"}],"about":[{"href":"https:\/\/vagabondecreation.fr\/en\/wp-json\/wp\/v2\/types\/page"}],"author":[{"embeddable":true,"href":"https:\/\/vagabondecreation.fr\/en\/wp-json\/wp\/v2\/users\/1"}],"replies":[{"embeddable":true,"href":"https:\/\/vagabondecreation.fr\/en\/wp-json\/wp\/v2\/comments?post=28"}],"version-history":[{"count":41,"href":"https:\/\/vagabondecreation.fr\/en\/wp-json\/wp\/v2\/pages\/28\/revisions"}],"predecessor-version":[{"id":5899,"href":"https:\/\/vagabondecreation.fr\/en\/wp-json\/wp\/v2\/pages\/28\/revisions\/5899"}],"wp:attachment":[{"href":"https:\/\/vagabondecreation.fr\/en\/wp-json\/wp\/v2\/media?parent=28"}],"curies":[{"name":"wp","href":"https:\/\/api.w.org\/{rel}","templated":true}]}}