{"id":1185,"date":"2021-10-01T12:11:10","date_gmt":"2021-10-01T10:11:10","guid":{"rendered":"https:\/\/vagabondecreation.fr\/?post_type=product&#038;p=1185"},"modified":"2024-01-21T08:53:29","modified_gmt":"2024-01-21T07:53:29","slug":"bonnet-crochet-fait-main","status":"publish","type":"product","link":"https:\/\/vagabondecreation.fr\/en\/product\/bonnet-crochet-fait-main\/","title":{"rendered":"BONNET CROCHET FAIT MAIN"},"content":{"rendered":"<p>Voici un joli bonnet d\u2019hiver tout chaud tout doux en mohair, id\u00e9al pour faire face confortablement \u00e0 la froide saison.<br \/>\nFabriqu\u00e9 \u00e0 partir de mohair, cet \u00e9l\u00e9gant bonnet est confectionn\u00e9 de fa\u00e7on artisanale, tricot\u00e9 100% \u00e0 la main. Une fois son revers retrouss\u00e9, les oreilles sont prot\u00e9g\u00e9es par deux \u00e9paisseurs de mohair, emp\u00eachant ainsi les courant d\u2019air de passer et les gardant bien au chaud. Ce revers tricot\u00e9 en c\u00f4tes donne une \u00e9lasticit\u00e9 \u00e0 la bordure, permettant \u00e0 ce bonnet de rester bien en place et ajust\u00e9 sur la t\u00eate.<br \/>\nBient\u00f4t disponible en de nombreuses couleurs lumineuses, il est un alli\u00e9 id\u00e9al pour vos sorties quotidiennes, en ville ou en pleine nature.<br \/>\nPropos\u00e9 en taille unique, il convient \u00e0 la plupart des t\u00eates (du 54 au 58) ; mais si vous souhaitez une autre taille, notamment enfant, ou autres tailles adultes, n\u2019h\u00e9sitez pas \u00e0 m&#8217;en faire part via message priv\u00e9 ou e-mail.<\/p>\n<p>Le Mohair est une fibre naturelle haut de gamme connue pour son fort pouvoir isolant, garantissant un grand confort de chaleur. Cette mati\u00e8re naturelle n&#8217;irrite pas, m\u00eame port\u00e9 contre la peau.<\/p>\n<p>Cot\u00e9 entretien, le mohair n\u2019est pas plus fragile que les autres laines\u2026 voici quelques conseils pratiques :<br \/>\nLe but est dans tous les cas d\u2019\u00e9viter que votre belle \u00e9toffe ne feutre. Pour faire feutrer une laine volontairement, il faut la frotter \u00e9nergiquement dans une eau chaude et avec un savon agressif ; c\u2019est donc ce qu\u2019il faut \u00e9viter par-dessus tout.<br \/>\nLe lavage se fait \u00e0 moins de 30\u00b0C, avec un savon ou une lessive sp\u00e9ciale laine, ou du shampooing\/savon doux; faire simplement circuler l\u2019eau (sans frotter) puis rincer dans la foul\u00e9e sans trempage. Ne pas utiliser de savon de Marseille. Pour \u00e9liminer une tache, possibilit\u00e9 de frotter localement.<br \/>\nLe lavage en machine est tout \u00e0 fait possible en cycle sp\u00e9cial laine ou linge d\u00e9licat (moins de 30\u00b0C, SANS essorage, lessive sp\u00e9ciale laine)<br \/>\nPour l\u2019essorage, poser le v\u00eatement \u00e0 plat sur une serviette \u00e9ponge, puis enrouler le tout comme un escargot afin que la serviette absorbe l\u2019exc\u00e9dent d\u2019eau (ne pas essorer par torsion).<br \/>\nLe s\u00e9chage se fait \u00e0 plat, pour \u00e9viter que les mailles ne se d\u00e9tendent. Eviter la proximit\u00e9 avec une source de chaleur (radiateur, chemin\u00e9e).<br \/>\nEnfin il faut savoir que le mohair, comme toute les laines, et contrairement aux mati\u00e8res synth\u00e9tiques, se salit peu, et donc n\u00e9cessite moins de lavages que le synth\u00e9tique. Il prend tr\u00e8s peu les odeurs et la poussi\u00e8re.<\/p>\n<p>Retrouvez moi sur instagram: @vagabonde.creation<\/p>","protected":false},"excerpt":{"rendered":"<p>Joli bonnet chaud en mohair pour affronter l&rsquo;hiver avec gros revers fait enti\u00e8rement \u00e0 la main.<\/p>\n<p>&nbsp;<\/p>","protected":false},"featured_media":1196,"comment_status":"open","ping_status":"closed","template":"","meta":{"_acf_changed":false,"_monsterinsights_skip_tracking":false,"_monsterinsights_sitenote_active":false,"_monsterinsights_sitenote_note":"","_monsterinsights_sitenote_category":0},"product_brand":[],"product_cat":[39],"product_tag":[],"class_list":{"0":"post-1185","1":"product","2":"type-product","3":"status-publish","4":"has-post-thumbnail","6":"product_cat-crochet","8":"first","9":"outofstock","10":"taxable","11":"shipping-taxable","12":"purchasable","13":"product-type-simple"},"acf":[],"jetpack_sharing_enabled":true,"_links":{"self":[{"href":"https:\/\/vagabondecreation.fr\/en\/wp-json\/wp\/v2\/product\/1185","targetHints":{"allow":["GET"]}}],"collection":[{"href":"https:\/\/vagabondecreation.fr\/en\/wp-json\/wp\/v2\/product"}],"about":[{"href":"https:\/\/vagabondecreation.fr\/en\/wp-json\/wp\/v2\/types\/product"}],"replies":[{"embeddable":true,"href":"https:\/\/vagabondecreation.fr\/en\/wp-json\/wp\/v2\/comments?post=1185"}],"wp:featuredmedia":[{"embeddable":true,"href":"https:\/\/vagabondecreation.fr\/en\/wp-json\/wp\/v2\/media\/1196"}],"wp:attachment":[{"href":"https:\/\/vagabondecreation.fr\/en\/wp-json\/wp\/v2\/media?parent=1185"}],"wp:term":[{"taxonomy":"product_brand","embeddable":true,"href":"https:\/\/vagabondecreation.fr\/en\/wp-json\/wp\/v2\/product_brand?post=1185"},{"taxonomy":"product_cat","embeddable":true,"href":"https:\/\/vagabondecreation.fr\/en\/wp-json\/wp\/v2\/product_cat?post=1185"},{"taxonomy":"product_tag","embeddable":true,"href":"https:\/\/vagabondecreation.fr\/en\/wp-json\/wp\/v2\/product_tag?post=1185"}],"curies":[{"name":"wp","href":"https:\/\/api.w.org\/{rel}","templated":true}]}}