{"id":1601,"date":"2022-01-05T14:45:15","date_gmt":"2022-01-05T13:45:15","guid":{"rendered":"https:\/\/vagabondecreation.fr\/?post_type=product&#038;p=1601"},"modified":"2022-02-02T15:10:40","modified_gmt":"2022-02-02T14:10:40","slug":"big-cup-%e2%9d%81-black","status":"publish","type":"product","link":"https:\/\/vagabondecreation.fr\/en\/product\/big-cup-%e2%9d%81-black\/","title":{"rendered":"BIG CUP \u2741 BLACK"},"content":{"rendered":"<p>Long cup fait en argile noire, enti\u00e8rement fait, fa\u00e7onn\u00e9, \u00e9maill\u00e9 \u00e0 la main.<\/p>\n<p>Ce big cup est id\u00e9al pour celles &amp; ceux qui aiment les grandes boissons, mais ne vous en fait pas si vous ne faites pas parti de cela car il peut aussi tr\u00e8s bien servir de vase.<\/p>\n<p><strong>Dimensions:<\/strong><\/p>\n<p>H 12 cm x L 6,5 cm<\/p>\n<p><strong>Contenance:<\/strong><\/p>\n<p>325 mL<\/p>\n<p>Chaque pi\u00e8ce est faite \u00e0 la main de mani\u00e8re unique et peut avoir de l\u00e9g\u00e8res variations et\/ou imperfections. Conception limit\u00e9e, unique en son genre.<\/p>\n<p>J\u2019utilise du gr\u00e8s de haute qualit\u00e9, donc chaque pi\u00e8ce peut passer lave-vaisselle et un four micro-ondes. CEPENDANT afin de prot\u00e9ger l\u2019\u00e9mail et de garder les couleurs sur vos pi\u00e8ces parfaites, il est recommand\u00e9 de les laver \u00e0 la main.<br \/>\nLe dessous de toutes les pi\u00e8ces est brut (sans \u00e9mail), ce n\u2019est pas possible d\u2019\u00e9mailler cette partie des poterie dans le processus.<\/p>\n<p>Exp\u00e9dition dans le monde entier, demandez plus d\u2019informations sur les frais d\u2019exp\u00e9dition vers d\u2019autres pays.<\/p>\n<p>Pour en savoir plus, visitez ma page Instagram @vagabonde.creation .<\/p>","protected":false},"excerpt":{"rendered":"<p>Long cup fait en argile noire, enti\u00e8rement fait, fa\u00e7onn\u00e9, \u00e9maill\u00e9 \u00e0 la main.<\/p>\n<p>Ce big cup est id\u00e9al pour celles &amp; ceux qui aiment les grandes boissons, mais ne vous en fait pas si vous ne faites pas parti de cela car il peut aussi tr\u00e8s bien servir de vase.<\/p>","protected":false},"featured_media":1613,"comment_status":"open","ping_status":"closed","template":"","meta":{"_acf_changed":false,"_monsterinsights_skip_tracking":false,"_monsterinsights_sitenote_active":false,"_monsterinsights_sitenote_note":"","_monsterinsights_sitenote_category":0},"product_brand":[],"product_cat":[38],"product_tag":[],"class_list":{"0":"post-1601","1":"product","2":"type-product","3":"status-publish","4":"has-post-thumbnail","6":"product_cat-poterie","8":"first","9":"outofstock","10":"taxable","11":"shipping-taxable","12":"purchasable","13":"product-type-simple"},"acf":[],"jetpack_sharing_enabled":true,"_links":{"self":[{"href":"https:\/\/vagabondecreation.fr\/en\/wp-json\/wp\/v2\/product\/1601","targetHints":{"allow":["GET"]}}],"collection":[{"href":"https:\/\/vagabondecreation.fr\/en\/wp-json\/wp\/v2\/product"}],"about":[{"href":"https:\/\/vagabondecreation.fr\/en\/wp-json\/wp\/v2\/types\/product"}],"replies":[{"embeddable":true,"href":"https:\/\/vagabondecreation.fr\/en\/wp-json\/wp\/v2\/comments?post=1601"}],"wp:featuredmedia":[{"embeddable":true,"href":"https:\/\/vagabondecreation.fr\/en\/wp-json\/wp\/v2\/media\/1613"}],"wp:attachment":[{"href":"https:\/\/vagabondecreation.fr\/en\/wp-json\/wp\/v2\/media?parent=1601"}],"wp:term":[{"taxonomy":"product_brand","embeddable":true,"href":"https:\/\/vagabondecreation.fr\/en\/wp-json\/wp\/v2\/product_brand?post=1601"},{"taxonomy":"product_cat","embeddable":true,"href":"https:\/\/vagabondecreation.fr\/en\/wp-json\/wp\/v2\/product_cat?post=1601"},{"taxonomy":"product_tag","embeddable":true,"href":"https:\/\/vagabondecreation.fr\/en\/wp-json\/wp\/v2\/product_tag?post=1601"}],"curies":[{"name":"wp","href":"https:\/\/api.w.org\/{rel}","templated":true}]}}