{"id":1874,"date":"2022-02-02T18:00:37","date_gmt":"2022-02-02T17:00:37","guid":{"rendered":"https:\/\/vagabondecreation.fr\/?post_type=product&#038;p=1874"},"modified":"2024-11-04T10:11:40","modified_gmt":"2024-11-04T09:11:40","slug":"handy-dandy-pot","status":"publish","type":"product","link":"https:\/\/vagabondecreation.fr\/en\/product\/handy-dandy-pot\/","title":{"rendered":"HANDY DANDY POT"},"content":{"rendered":"<p>Petit pot de couleur cr\u00e8me, enti\u00e8rement fait, fa\u00e7onn\u00e9, \u00e9maill\u00e9 \u00e0 la main.<\/p>\n<p>Vendu \u00e0 l&#8217;unit\u00e9.<\/p>\n<p>Id\u00e9al pour tous types d&#8217;utilisations: sauces, ap\u00e9ro, ou m\u00eame bijoux! A vous de lui trouver l&#8217;utilisation qui colle avec votre quotidien.<\/p>\n<p>Cette pi\u00e8ce a \u00e9t\u00e9 enti\u00e8rement faite au tour de fa\u00e7on artisanale.<\/p>\n<p>Notez que chaque pi\u00e8ce est faite \u00e0 la main de mani\u00e8re unique et peut avoir de l\u00e9g\u00e8res variations et\/ou imperfections. Conception limit\u00e9e, unique en son genre.<\/p>\n<p>J\u2019utilise du gr\u00e8s de haute qualit\u00e9, donc chaque pi\u00e8ce peut passer lave-vaisselle et un four micro-ondes. CEPENDANT afin de prot\u00e9ger l\u2019\u00e9mail et de garder les couleurs sur vos pi\u00e8ces parfaites, il est recommand\u00e9 de les laver \u00e0 la main.<br \/>\nLe dessous de toutes les pi\u00e8ces est brut (sans \u00e9mail), ce n\u2019est pas possible d\u2019\u00e9mailler cette partie des poterie dans le processus.<\/p>\n<p>Exp\u00e9dition dans le monde entier, demandez plus d\u2019informations sur les frais d\u2019exp\u00e9dition vers d\u2019autres pays.<\/p>\n<p>Pour en savoir plus, visitez ma page Instagram @vagabonde.creation .<\/p>","protected":false},"excerpt":{"rendered":"<div class=\"woocommerce-product-details__short-description\">\n<p>Petit pot de couleur cr\u00e8me, enti\u00e8rement fait, fa\u00e7onn\u00e9, \u00e9maill\u00e9 \u00e0 la main.<\/p>\n<p>Touche artisanale id\u00e9ale pour vos ap\u00e9ros! Cette pi\u00e8ce a \u00e9t\u00e9 r\u00e9alis\u00e9e au tour.<\/p>\n<\/div>","protected":false},"featured_media":1795,"comment_status":"open","ping_status":"closed","template":"","meta":{"_acf_changed":false,"_monsterinsights_skip_tracking":false,"_monsterinsights_sitenote_active":false,"_monsterinsights_sitenote_note":"","_monsterinsights_sitenote_category":0},"product_brand":[],"product_cat":[62,38],"product_tag":[],"class_list":{"0":"post-1874","1":"product","2":"type-product","3":"status-publish","4":"has-post-thumbnail","6":"product_cat-saint-valentin","7":"product_cat-poterie","9":"first","10":"outofstock","11":"taxable","12":"shipping-taxable","13":"purchasable","14":"product-type-simple"},"acf":[],"jetpack_sharing_enabled":true,"_links":{"self":[{"href":"https:\/\/vagabondecreation.fr\/en\/wp-json\/wp\/v2\/product\/1874","targetHints":{"allow":["GET"]}}],"collection":[{"href":"https:\/\/vagabondecreation.fr\/en\/wp-json\/wp\/v2\/product"}],"about":[{"href":"https:\/\/vagabondecreation.fr\/en\/wp-json\/wp\/v2\/types\/product"}],"replies":[{"embeddable":true,"href":"https:\/\/vagabondecreation.fr\/en\/wp-json\/wp\/v2\/comments?post=1874"}],"wp:featuredmedia":[{"embeddable":true,"href":"https:\/\/vagabondecreation.fr\/en\/wp-json\/wp\/v2\/media\/1795"}],"wp:attachment":[{"href":"https:\/\/vagabondecreation.fr\/en\/wp-json\/wp\/v2\/media?parent=1874"}],"wp:term":[{"taxonomy":"product_brand","embeddable":true,"href":"https:\/\/vagabondecreation.fr\/en\/wp-json\/wp\/v2\/product_brand?post=1874"},{"taxonomy":"product_cat","embeddable":true,"href":"https:\/\/vagabondecreation.fr\/en\/wp-json\/wp\/v2\/product_cat?post=1874"},{"taxonomy":"product_tag","embeddable":true,"href":"https:\/\/vagabondecreation.fr\/en\/wp-json\/wp\/v2\/product_tag?post=1874"}],"curies":[{"name":"wp","href":"https:\/\/api.w.org\/{rel}","templated":true}]}}