{"id":2140,"date":"2024-12-01T02:30:31","date_gmt":"2024-12-01T01:30:31","guid":{"rendered":"https:\/\/vagabondecreation.fr\/?post_type=product&#038;p=2140"},"modified":"2026-04-24T13:07:56","modified_gmt":"2026-04-24T11:07:56","slug":"tasse-perle-white","status":"publish","type":"product","link":"https:\/\/vagabondecreation.fr\/en\/product\/tasse-perle-white\/","title":{"rendered":"TASSE PERLE WHITE"},"content":{"rendered":"<p>La forme de cette tasse en c\u00e9ramique et surtout de sa anse en fait un objet du quotidien raffin\u00e9.<\/p>\n<p>Vos boissons auront un go\u00fbt encore plus d\u00e9licieux dans cette adorable tasse.<\/p>\n<p>Tasse de couleur &#8220;BLANC LUNAIRE&#8221;, enti\u00e8rement faite, fa\u00e7onn\u00e9e, \u00e9maill\u00e9e \u00e0 la main.<\/p>\n<p>Notez qu&#8217;elle forme un combo parfait avec la tasse espresso <a href=\"https:\/\/vagabondecreation.fr\/en\/product\/baby-tasse-perle\/\">BABY PERLE<\/a>, <a href=\"https:\/\/vagabondecreation.fr\/en\/product\/verseur-coeur\/\">LE VERSEUR COEUR<\/a> ou encore <a href=\"https:\/\/vagabondecreation.fr\/en\/product\/verseur-classique\/\">LE VERSEUR CLASSIQUE<\/a>.<\/p>\n<p>Cette pi\u00e8ce a \u00e9t\u00e9 enti\u00e8rement faite au tour de fa\u00e7on artisanale.<\/p>\n<p>Notez que chaque pi\u00e8ce est faite \u00e0 la main de mani\u00e8re unique et peut avoir de l\u00e9g\u00e8res variations et\/ou imperfections. Conception limit\u00e9e, unique en son genre.<\/p>\n<p>J\u2019utilise du gr\u00e8s de haute qualit\u00e9, donc chaque pi\u00e8ce peut passer lave-vaisselle.<\/p>\n<p>CEPENDANT afin de prot\u00e9ger l\u2019\u00e9mail et de garder les couleurs sur vos pi\u00e8ces parfaites, il est recommand\u00e9 de les laver \u00e0 la main.<br \/>\nLe dessous de toutes les pi\u00e8ces est brut (sans \u00e9mail), ce n\u2019est pas possible d\u2019\u00e9mailler cette partie des poterie dans le processus.<\/p>\n<p>Exp\u00e9dition dans le monde entier, demandez plus d\u2019informations sur les frais d\u2019exp\u00e9dition vers d\u2019autres pays.<\/p>\n<p>DIMENSIONS:<\/p>\n<p>\u25e6 HAUTEUR: 9 cm<\/p>\n<p>\u25e6 LONGUEUR: 13 cm<\/p>\n<p>\u25e6 LARGEUR: 8 cm<\/p>\n<p>Pour en savoir plus, visitez ma page Instagram @vagabonde.creation .<\/p>","protected":false},"excerpt":{"rendered":"<p>Tasse, enti\u00e8rement faite, fa\u00e7onn\u00e9e, \u00e9maill\u00e9e \u00e0 la main.<\/p>\n<p>Touche artisanale id\u00e9ale pour chez vous! Cette pi\u00e8ce a \u00e9t\u00e9 r\u00e9alis\u00e9e au tour.<\/p>","protected":false},"featured_media":2224,"comment_status":"open","ping_status":"closed","template":"","meta":{"_acf_changed":false,"_monsterinsights_skip_tracking":false,"_monsterinsights_sitenote_active":false,"_monsterinsights_sitenote_note":"","_monsterinsights_sitenote_category":0},"product_brand":[],"product_cat":[155,38],"product_tag":[],"class_list":{"0":"post-2140","1":"product","2":"type-product","3":"status-publish","4":"has-post-thumbnail","6":"wc_square_synced-yes","7":"product_cat-nouvelle-collection","8":"product_cat-poterie","10":"first","11":"instock","12":"taxable","13":"shipping-taxable","14":"purchasable","15":"product-type-simple"},"acf":[],"jetpack_sharing_enabled":true,"_links":{"self":[{"href":"https:\/\/vagabondecreation.fr\/en\/wp-json\/wp\/v2\/product\/2140","targetHints":{"allow":["GET"]}}],"collection":[{"href":"https:\/\/vagabondecreation.fr\/en\/wp-json\/wp\/v2\/product"}],"about":[{"href":"https:\/\/vagabondecreation.fr\/en\/wp-json\/wp\/v2\/types\/product"}],"replies":[{"embeddable":true,"href":"https:\/\/vagabondecreation.fr\/en\/wp-json\/wp\/v2\/comments?post=2140"}],"wp:featuredmedia":[{"embeddable":true,"href":"https:\/\/vagabondecreation.fr\/en\/wp-json\/wp\/v2\/media\/2224"}],"wp:attachment":[{"href":"https:\/\/vagabondecreation.fr\/en\/wp-json\/wp\/v2\/media?parent=2140"}],"wp:term":[{"taxonomy":"product_brand","embeddable":true,"href":"https:\/\/vagabondecreation.fr\/en\/wp-json\/wp\/v2\/product_brand?post=2140"},{"taxonomy":"product_cat","embeddable":true,"href":"https:\/\/vagabondecreation.fr\/en\/wp-json\/wp\/v2\/product_cat?post=2140"},{"taxonomy":"product_tag","embeddable":true,"href":"https:\/\/vagabondecreation.fr\/en\/wp-json\/wp\/v2\/product_tag?post=2140"}],"curies":[{"name":"wp","href":"https:\/\/api.w.org\/{rel}","templated":true}]}}