{"id":2377,"date":"2022-04-01T19:00:52","date_gmt":"2022-04-01T17:00:52","guid":{"rendered":"https:\/\/vagabondecreation.fr\/?post_type=product&#038;p=2377"},"modified":"2022-04-02T17:14:01","modified_gmt":"2022-04-02T15:14:01","slug":"petit-pot-oldish","status":"publish","type":"product","link":"https:\/\/vagabondecreation.fr\/en\/product\/petit-pot-oldish\/","title":{"rendered":"PETIT POT OLDISH"},"content":{"rendered":"<p>La forme de ce petit pot en c\u00e9ramique en fait un objet de d\u00e9co raffin\u00e9, ou bien un cup pour vos boissons pr\u00e9f\u00e9r\u00e9es. Il trouve sa place aussi bien sur une \u00e9tag\u00e8re, une biblioth\u00e8que, ou une table. A vous de lui trouver la place parfaite dans votre quotidien.<\/p>\n<p>Cup de couleur avec effet &#8220;VIEILLI&#8221;, enti\u00e8rement fait, fa\u00e7onn\u00e9, \u00e9maill\u00e9 \u00e0 la main.<\/p>\n<p>Vendu \u00e0 l\u2019unit\u00e9.<\/p>\n<p>Cette pi\u00e8ce a \u00e9t\u00e9 enti\u00e8rement faite au tour de fa\u00e7on artisanale.<\/p>\n<p>Notez que chaque pi\u00e8ce est faite \u00e0 la main de mani\u00e8re unique et peut avoir de l\u00e9g\u00e8res variations et\/ou imperfections. Conception limit\u00e9e, unique en son genre.<\/p>\n<p>J\u2019utilise du gr\u00e8s de haute qualit\u00e9, donc chaque pi\u00e8ce peut passer lave-vaisselle.<\/p>\n<p>CEPENDANT afin de prot\u00e9ger l\u2019\u00e9mail et de garder les couleurs sur vos pi\u00e8ces parfaites, il est recommand\u00e9 de les laver \u00e0 la main.<br \/>\nLe dessous de toutes les pi\u00e8ces est brut (sans \u00e9mail), ce n\u2019est pas possible d\u2019\u00e9mailler cette partie des poterie dans le processus.<\/p>\n<p>Exp\u00e9dition dans le monde entier, demandez plus d\u2019informations sur les frais d\u2019exp\u00e9dition vers d\u2019autres pays.<\/p>\n<p>DIMENSIONS:<\/p>\n<p>\u25e6 HAUTEUR: 7 cm<\/p>\n<p>\u25e6 LONGUEUR: 8 cm<\/p>\n<p>\u25e6 LARGEUR: 8 cm<\/p>\n<p>Pour en savoir plus, visitez ma page Instagram <a href=\"https:\/\/www.instagram.com\/vagabonde.creation\/?hl=fr\">@vagabonde.creation<\/a> .<\/p>","protected":false},"excerpt":{"rendered":"<p>Cup, enti\u00e8rement fait, fa\u00e7onn\u00e9, \u00e9maill\u00e9 \u00e0 la main.<\/p>\n<p>Touche artisanale id\u00e9ale pour chez vous! Cette pi\u00e8ce a \u00e9t\u00e9 r\u00e9alis\u00e9e au tour.<\/p>","protected":false},"featured_media":2372,"comment_status":"open","ping_status":"closed","template":"","meta":{"_acf_changed":false,"_monsterinsights_skip_tracking":false,"_monsterinsights_sitenote_active":false,"_monsterinsights_sitenote_note":"","_monsterinsights_sitenote_category":0},"product_brand":[],"product_cat":[38],"product_tag":[],"class_list":{"0":"post-2377","1":"product","2":"type-product","3":"status-publish","4":"has-post-thumbnail","6":"product_cat-poterie","8":"first","9":"outofstock","10":"taxable","11":"shipping-taxable","12":"purchasable","13":"product-type-simple"},"acf":[],"jetpack_sharing_enabled":true,"_links":{"self":[{"href":"https:\/\/vagabondecreation.fr\/en\/wp-json\/wp\/v2\/product\/2377","targetHints":{"allow":["GET"]}}],"collection":[{"href":"https:\/\/vagabondecreation.fr\/en\/wp-json\/wp\/v2\/product"}],"about":[{"href":"https:\/\/vagabondecreation.fr\/en\/wp-json\/wp\/v2\/types\/product"}],"replies":[{"embeddable":true,"href":"https:\/\/vagabondecreation.fr\/en\/wp-json\/wp\/v2\/comments?post=2377"}],"wp:featuredmedia":[{"embeddable":true,"href":"https:\/\/vagabondecreation.fr\/en\/wp-json\/wp\/v2\/media\/2372"}],"wp:attachment":[{"href":"https:\/\/vagabondecreation.fr\/en\/wp-json\/wp\/v2\/media?parent=2377"}],"wp:term":[{"taxonomy":"product_brand","embeddable":true,"href":"https:\/\/vagabondecreation.fr\/en\/wp-json\/wp\/v2\/product_brand?post=2377"},{"taxonomy":"product_cat","embeddable":true,"href":"https:\/\/vagabondecreation.fr\/en\/wp-json\/wp\/v2\/product_cat?post=2377"},{"taxonomy":"product_tag","embeddable":true,"href":"https:\/\/vagabondecreation.fr\/en\/wp-json\/wp\/v2\/product_tag?post=2377"}],"curies":[{"name":"wp","href":"https:\/\/api.w.org\/{rel}","templated":true}]}}