{"id":2844,"date":"2022-05-01T10:00:12","date_gmt":"2022-05-01T08:00:12","guid":{"rendered":"https:\/\/vagabondecreation.fr\/?post_type=product&#038;p=2844"},"modified":"2022-07-19T19:53:28","modified_gmt":"2022-07-19T17:53:28","slug":"tasse-blanche-mat","status":"publish","type":"product","link":"https:\/\/vagabondecreation.fr\/en\/product\/tasse-blanche-mat\/","title":{"rendered":"TASSE BLANCHE MAT"},"content":{"rendered":"<p>La forme de cette tasse en c\u00e9ramique en fait un objet du quotidien raffin\u00e9.<\/p>\n<p>Vos boissons auront un go\u00fbt encore plus d\u00e9licieux dans cette adorable tasse.<\/p>\n<p>Tasse de couleur &#8220;BLANC MAT&#8221;, enti\u00e8rement faite, fa\u00e7onn\u00e9e, \u00e9maill\u00e9e \u00e0 la main.<\/p>\n<p>Cette pi\u00e8ce a \u00e9t\u00e9 enti\u00e8rement faite au tour de fa\u00e7on artisanale.<\/p>\n<p>VENDUE \u00c0 L&#8217;UNIT\u00c9.<\/p>\n<p>Notez que chaque pi\u00e8ce est faite \u00e0 la main de mani\u00e8re unique et peut avoir de l\u00e9g\u00e8res variations et\/ou imperfections. Conception limit\u00e9e, unique en son genre.<\/p>\n<p>J\u2019utilise du gr\u00e8s de haute qualit\u00e9, donc chaque pi\u00e8ce peut passer lave-vaisselle.<\/p>\n<p>CEPENDANT afin de prot\u00e9ger l\u2019\u00e9mail et de garder les couleurs sur vos pi\u00e8ces parfaites, il est recommand\u00e9 de les laver \u00e0 la main.<br \/>\nLe dessous de toutes les pi\u00e8ces est brut (sans \u00e9mail), ce n\u2019est pas possible d\u2019\u00e9mailler cette partie des poterie dans le processus.<\/p>\n<p>Exp\u00e9dition dans le monde entier, demandez plus d\u2019informations sur les frais d\u2019exp\u00e9dition vers d\u2019autres pays.<\/p>\n<p>DIMENSIONS:<\/p>\n<p>\u25e6 HAUTEUR: 7 cm<\/p>\n<p>\u25e6 LONGUEUR: 13 cm (en comptant l&#8217;anse)<\/p>\n<p>\u25e6 LARGEUR: 10 cm<\/p>\n<p>Pour en savoir plus, visitez ma page Instagram @vagabonde.creation .<\/p>","protected":false},"excerpt":{"rendered":"<p>Tasse blanche mat, enti\u00e8rement faite, fa\u00e7onn\u00e9e &amp; \u00e9maill\u00e9e \u00e0 la main.<\/p>\n<p>Vos boissons auront un go\u00fbt encore plus d\u00e9licieux dans cette adorable tasse.<\/p>","protected":false},"featured_media":2483,"comment_status":"open","ping_status":"closed","template":"","meta":{"_acf_changed":false,"_monsterinsights_skip_tracking":false,"_monsterinsights_sitenote_active":false,"_monsterinsights_sitenote_note":"","_monsterinsights_sitenote_category":0},"product_brand":[],"product_cat":[38],"product_tag":[],"class_list":{"0":"post-2844","1":"product","2":"type-product","3":"status-publish","4":"has-post-thumbnail","6":"product_cat-poterie","8":"first","9":"outofstock","10":"taxable","11":"shipping-taxable","12":"purchasable","13":"product-type-simple"},"acf":[],"jetpack_sharing_enabled":true,"_links":{"self":[{"href":"https:\/\/vagabondecreation.fr\/en\/wp-json\/wp\/v2\/product\/2844","targetHints":{"allow":["GET"]}}],"collection":[{"href":"https:\/\/vagabondecreation.fr\/en\/wp-json\/wp\/v2\/product"}],"about":[{"href":"https:\/\/vagabondecreation.fr\/en\/wp-json\/wp\/v2\/types\/product"}],"replies":[{"embeddable":true,"href":"https:\/\/vagabondecreation.fr\/en\/wp-json\/wp\/v2\/comments?post=2844"}],"wp:featuredmedia":[{"embeddable":true,"href":"https:\/\/vagabondecreation.fr\/en\/wp-json\/wp\/v2\/media\/2483"}],"wp:attachment":[{"href":"https:\/\/vagabondecreation.fr\/en\/wp-json\/wp\/v2\/media?parent=2844"}],"wp:term":[{"taxonomy":"product_brand","embeddable":true,"href":"https:\/\/vagabondecreation.fr\/en\/wp-json\/wp\/v2\/product_brand?post=2844"},{"taxonomy":"product_cat","embeddable":true,"href":"https:\/\/vagabondecreation.fr\/en\/wp-json\/wp\/v2\/product_cat?post=2844"},{"taxonomy":"product_tag","embeddable":true,"href":"https:\/\/vagabondecreation.fr\/en\/wp-json\/wp\/v2\/product_tag?post=2844"}],"curies":[{"name":"wp","href":"https:\/\/api.w.org\/{rel}","templated":true}]}}