{"id":288,"date":"2021-08-08T22:06:54","date_gmt":"2021-08-08T20:06:54","guid":{"rendered":"http:\/\/vagabondecreation.fr\/?post_type=product&#038;p=288"},"modified":"2021-09-18T10:15:07","modified_gmt":"2021-09-18T08:15:07","slug":"lara-grey","status":"publish","type":"product","link":"https:\/\/vagabondecreation.fr\/en\/product\/lara-grey\/","title":{"rendered":"L A R A\u239cG R E Y"},"content":{"rendered":"<p>Boucles d\u2019oreilles pendantes grises.<\/p>\n<p>Article fait enti\u00e8rement \u00e0 la main.<\/p>\n<p>Longueur: 3,5 cm.<\/p>\n<p>Largeur: 3 cm.<\/p>\n<p>Poids: 5 grammes.<\/p>\n<p>Mat\u00e9riel: argile polym\u00e8re; acier.<\/p>\n<p>Ces boucles d\u2019oreilles modernes sont fabriqu\u00e9es \u00e0 partir d\u2019argile polym\u00e8re qui leur procure une belle l\u00e9g\u00e8ret\u00e9.<br \/>\nChaque paire est artisanale, unique et fabriqu\u00e9e en France.<\/p>\n<p>Aucun vernis qui risquerait de s\u2019\u00e9cailler au fil du temps, mais un travail de polissage pour accentuer la brillance de ces boucles d\u2019oreilles.<\/p>\n<p>Les clous\/crochets et anneaux sont en acier avec un bouchon en silicone et un autre en acier pour vous laissez le choix de porter celui que vous pr\u00e9f\u00e9rez.<\/p>\n<p>Le maquillage, l\u2019huile ou la cr\u00e8me pour le visage dessus s\u2019enl\u00e8vera gr\u00e2ce \u00e0 un chiffon doux et humide!<\/p>\n<p>Une variation de \u00ab motif \u00bb est possible, car toutes les boucles d\u2019oreilles sont uniques, il n\u2019y aura pas deux paires identiques! Alors guettez le e-shop r\u00e9guli\u00e8rement car des nouveaut\u00e9s sont tr\u00e8s souvent mises en vente.<\/p>\n<p>Toute commande sera joliment emball\u00e9e, pr\u00eate \u00e0 \u00eatre offerte comme un cadeau (ou \u00e0 s\u2019offrir)!<br \/>\nSi vous souhaitez ajouter un message personnel pour accompagner votre commande, n\u2019h\u00e9sitez pas \u00e0 me l\u2019indiquer lors de votre achat.<\/p>\n<p>On se rejoint sur Instagram ? @vagabonde.creation<\/p>","protected":false},"excerpt":{"rendered":"<p>Ces boucles d\u2019oreilles modernes sont fabriqu\u00e9es \u00e0 partir d\u2019argile polym\u00e8re qui leur procure une belle l\u00e9g\u00e8ret\u00e9.<br \/>\nChaque paire est artisanale, unique et fabriqu\u00e9e en France.<\/p>","protected":false},"featured_media":131,"comment_status":"open","ping_status":"closed","template":"","meta":{"_acf_changed":false,"_monsterinsights_skip_tracking":false,"_monsterinsights_sitenote_active":false,"_monsterinsights_sitenote_note":"","_monsterinsights_sitenote_category":0},"product_brand":[],"product_cat":[19],"product_tag":[],"class_list":{"0":"post-288","1":"product","2":"type-product","3":"status-publish","4":"has-post-thumbnail","6":"product_cat-boucles-doreille-classiques","8":"first","9":"outofstock","10":"taxable","11":"shipping-taxable","12":"purchasable","13":"product-type-simple"},"acf":[],"jetpack_sharing_enabled":true,"_links":{"self":[{"href":"https:\/\/vagabondecreation.fr\/en\/wp-json\/wp\/v2\/product\/288","targetHints":{"allow":["GET"]}}],"collection":[{"href":"https:\/\/vagabondecreation.fr\/en\/wp-json\/wp\/v2\/product"}],"about":[{"href":"https:\/\/vagabondecreation.fr\/en\/wp-json\/wp\/v2\/types\/product"}],"replies":[{"embeddable":true,"href":"https:\/\/vagabondecreation.fr\/en\/wp-json\/wp\/v2\/comments?post=288"}],"wp:featuredmedia":[{"embeddable":true,"href":"https:\/\/vagabondecreation.fr\/en\/wp-json\/wp\/v2\/media\/131"}],"wp:attachment":[{"href":"https:\/\/vagabondecreation.fr\/en\/wp-json\/wp\/v2\/media?parent=288"}],"wp:term":[{"taxonomy":"product_brand","embeddable":true,"href":"https:\/\/vagabondecreation.fr\/en\/wp-json\/wp\/v2\/product_brand?post=288"},{"taxonomy":"product_cat","embeddable":true,"href":"https:\/\/vagabondecreation.fr\/en\/wp-json\/wp\/v2\/product_cat?post=288"},{"taxonomy":"product_tag","embeddable":true,"href":"https:\/\/vagabondecreation.fr\/en\/wp-json\/wp\/v2\/product_tag?post=288"}],"curies":[{"name":"wp","href":"https:\/\/api.w.org\/{rel}","templated":true}]}}