{"id":3889,"date":"2022-11-06T10:00:43","date_gmt":"2022-11-06T09:00:43","guid":{"rendered":"https:\/\/vagabondecreation.fr\/?post_type=product&#038;p=3889"},"modified":"2023-04-23T18:57:58","modified_gmt":"2023-04-23T16:57:58","slug":"textured-cups","status":"publish","type":"product","link":"https:\/\/vagabondecreation.fr\/en\/product\/textured-cups\/","title":{"rendered":"TEXTURED CUPS"},"content":{"rendered":"<h2>DESCRIPTION:<\/h2>\n<p>La texture de ces cups en c\u00e9ramique en fait un objet du quotidien raffin\u00e9. Une touche unique et d\u00e9licate \u00e0 l&#8217;exterieur que j&#8217;ai travaill\u00e9e de fa\u00e7on minutieuse.<\/p>\n<p>Vos boissons auront un go\u00fbt encore plus d\u00e9licieux dans cette adorable tasse.<\/p>\n<p>Cup de couleur \u00ab CR\u00c8ME \u00bb, enti\u00e8rement fait, fa\u00e7onn\u00e9, \u00e9maill\u00e9 \u00e0 la main.<\/p>\n<p>Ces pi\u00e8ces sont \u00e9maill\u00e9es \u00e0 l&#8217;int\u00e9rieur en transparent brillant, tandis qu&#8217;\u00e0 l&#8217;ext\u00e9rieur, elles sont brutes pour faire ressortir ce travail de texture.<\/p>\n<p>Cette pi\u00e8ce a \u00e9t\u00e9 enti\u00e8rement faite de fa\u00e7on artisanale, au tour.<\/p>\n<p>Notez que chaque pi\u00e8ce est faite \u00e0 la main de mani\u00e8re unique et peut avoir de l\u00e9g\u00e8res variations et\/ou imperfections. Conception limit\u00e9e, unique en son genre.<\/p>\n<p>J\u2019utilise du gr\u00e8s de haute qualit\u00e9, donc chaque pi\u00e8ce peut passer lave-vaisselle.<\/p>\n<p>CEPENDANT afin de prot\u00e9ger l\u2019\u00e9mail et de garder les couleurs sur vos pi\u00e8ces parfaites, il est recommand\u00e9 de les laver \u00e0 la main.<br \/>\nLe dessous de toutes les pi\u00e8ces est brut (sans \u00e9mail), ce n\u2019est pas possible d\u2019\u00e9mailler cette partie des poterie dans le processus.<\/p>\n<p>Exp\u00e9dition dans le monde entier, demandez plus d\u2019informations sur les frais d\u2019exp\u00e9dition vers d\u2019autres pays.<\/p>\n<h2>DIMENSIONS:<\/h2>\n<p>\u25e6 HAUTEUR: 11 cm<\/p>\n<p>\u25e6 LONGUEUR: 7 cm<\/p>\n<p>\u25e6 LARGEUR: 7 cm<\/p>\n<p>Pour en savoir plus, visitez ma page Instagram\u00a0<a href=\"https:\/\/www.instagram.com\/vagabonde.creation\/?hl=fr\">@vagabonde.creation<\/a>\u00a0.<\/p>","protected":false},"excerpt":{"rendered":"<p>La texture de ces cups en c\u00e9ramique en fait un objet du quotidien raffin\u00e9. Une touche unique et d\u00e9licate \u00e0 l&#8217;exterieur que j&#8217;ai travaill\u00e9e de fa\u00e7on minutieuse.<\/p>\n<p>Ces pi\u00e8ces sont \u00e9maill\u00e9es \u00e0 l&#8217;int\u00e9rieur en transparent brillant, tandis qu&#8217;\u00e0 l&#8217;ext\u00e9rieur, elles sont brutes pour faire ressortir ce travail de texture.<\/p>","protected":false},"featured_media":4056,"comment_status":"open","ping_status":"closed","template":"","meta":{"_acf_changed":false,"_monsterinsights_skip_tracking":false,"_monsterinsights_sitenote_active":false,"_monsterinsights_sitenote_note":"","_monsterinsights_sitenote_category":0},"product_brand":[],"product_cat":[38],"product_tag":[],"class_list":{"0":"post-3889","1":"product","2":"type-product","3":"status-publish","4":"has-post-thumbnail","6":"product_cat-poterie","8":"first","9":"outofstock","10":"taxable","11":"shipping-taxable","12":"purchasable","13":"product-type-simple"},"acf":[],"jetpack_sharing_enabled":true,"_links":{"self":[{"href":"https:\/\/vagabondecreation.fr\/en\/wp-json\/wp\/v2\/product\/3889","targetHints":{"allow":["GET"]}}],"collection":[{"href":"https:\/\/vagabondecreation.fr\/en\/wp-json\/wp\/v2\/product"}],"about":[{"href":"https:\/\/vagabondecreation.fr\/en\/wp-json\/wp\/v2\/types\/product"}],"replies":[{"embeddable":true,"href":"https:\/\/vagabondecreation.fr\/en\/wp-json\/wp\/v2\/comments?post=3889"}],"wp:featuredmedia":[{"embeddable":true,"href":"https:\/\/vagabondecreation.fr\/en\/wp-json\/wp\/v2\/media\/4056"}],"wp:attachment":[{"href":"https:\/\/vagabondecreation.fr\/en\/wp-json\/wp\/v2\/media?parent=3889"}],"wp:term":[{"taxonomy":"product_brand","embeddable":true,"href":"https:\/\/vagabondecreation.fr\/en\/wp-json\/wp\/v2\/product_brand?post=3889"},{"taxonomy":"product_cat","embeddable":true,"href":"https:\/\/vagabondecreation.fr\/en\/wp-json\/wp\/v2\/product_cat?post=3889"},{"taxonomy":"product_tag","embeddable":true,"href":"https:\/\/vagabondecreation.fr\/en\/wp-json\/wp\/v2\/product_tag?post=3889"}],"curies":[{"name":"wp","href":"https:\/\/api.w.org\/{rel}","templated":true}]}}