{"id":445,"date":"2021-09-06T15:52:39","date_gmt":"2021-09-06T13:52:39","guid":{"rendered":"https:\/\/vagabondecreation.fr\/?post_type=product&#038;p=445"},"modified":"2022-09-30T18:40:01","modified_gmt":"2022-09-30T16:40:01","slug":"barbara-beige","status":"publish","type":"product","link":"https:\/\/vagabondecreation.fr\/en\/product\/barbara-beige\/","title":{"rendered":"B A R B A R A\u239fB E I G E"},"content":{"rendered":"<p class=\"p1\">Boucles d\u2019oreilles pendantes beiges effet coquillage.<\/p>\n<p class=\"p1\">Article fait enti\u00e8rement \u00e0 la main.<\/p>\n<p class=\"p1\">Longueur: 5,5 cm.<\/p>\n<p class=\"p1\">Largeur: 2,5 cm.<\/p>\n<p class=\"p1\">Poids: 5 grammes.<\/p>\n<p class=\"p1\">Mat\u00e9riel: argile polym\u00e8re; acier.<\/p>\n<p class=\"p1\">Ces boucles d\u2019oreilles modernes sont fabriqu\u00e9es \u00e0 partir d\u2019argile polym\u00e8re qui leur procure une belle l\u00e9g\u00e8ret\u00e9.<br \/>\nChaque paire est artisanale, unique et fabriqu\u00e9e en France.<\/p>\n<p class=\"p1\">Aucun vernis qui risquerait de s\u2019\u00e9cailler au fil du temps, mais un travail de polissage pour accentuer la brillance de ces boucles d\u2019oreilles.<\/p>\n<p class=\"p1\">Les clous\/crochets et anneaux sont en acier avec un bouchon en silicone et un autre en acier pour vous laissez le choix de porter celui que vous pr\u00e9f\u00e9rez.<\/p>\n<p class=\"p1\">Le maquillage, l\u2019huile ou la cr\u00e8me pour le visage dessus s\u2019enl\u00e8vera gr\u00e2ce \u00e0 un chiffon doux et humide!<\/p>\n<p class=\"p1\">Une variation de \u00ab motif \u00bb est possible, car toutes les boucles d\u2019oreilles sont uniques, il n\u2019y aura pas deux paires identiques! Alors guettez le e-shop r\u00e9guli\u00e8rement car des nouveaut\u00e9s sont tr\u00e8s souvent mises en vente.<\/p>\n<p class=\"p1\">Toute commande sera joliment emball\u00e9e, pr\u00eate \u00e0 \u00eatre offerte comme un cadeau (ou \u00e0 s\u2019offrir)!<br \/>\nSi vous souhaitez ajouter un message personnel pour accompagner votre commande, n\u2019h\u00e9sitez pas \u00e0 me l\u2019indiquer lors de votre achat.<\/p>\n<p class=\"p1\">On se rejoint sur Instagram ? @vagabonde.creation<\/p>","protected":false},"excerpt":{"rendered":"<p class=\"p1\">Ces boucles d\u2019oreilles modernes sont fabriqu\u00e9es \u00e0 partir d\u2019argile polym\u00e8re qui leur procure une belle l\u00e9g\u00e8ret\u00e9.<\/p>\n<p class=\"p1\">Chaque paire est artisanale, unique et fabriqu\u00e9e en France.<\/p>","protected":false},"featured_media":396,"comment_status":"open","ping_status":"closed","template":"","meta":{"_acf_changed":false,"_monsterinsights_skip_tracking":false,"_monsterinsights_sitenote_active":false,"_monsterinsights_sitenote_note":"","_monsterinsights_sitenote_category":0},"product_brand":[],"product_cat":[19],"product_tag":[],"class_list":{"0":"post-445","1":"product","2":"type-product","3":"status-publish","4":"has-post-thumbnail","6":"product_cat-boucles-doreille-classiques","8":"first","9":"outofstock","10":"taxable","11":"shipping-taxable","12":"purchasable","13":"product-type-simple"},"acf":[],"jetpack_sharing_enabled":true,"_links":{"self":[{"href":"https:\/\/vagabondecreation.fr\/en\/wp-json\/wp\/v2\/product\/445","targetHints":{"allow":["GET"]}}],"collection":[{"href":"https:\/\/vagabondecreation.fr\/en\/wp-json\/wp\/v2\/product"}],"about":[{"href":"https:\/\/vagabondecreation.fr\/en\/wp-json\/wp\/v2\/types\/product"}],"replies":[{"embeddable":true,"href":"https:\/\/vagabondecreation.fr\/en\/wp-json\/wp\/v2\/comments?post=445"}],"wp:featuredmedia":[{"embeddable":true,"href":"https:\/\/vagabondecreation.fr\/en\/wp-json\/wp\/v2\/media\/396"}],"wp:attachment":[{"href":"https:\/\/vagabondecreation.fr\/en\/wp-json\/wp\/v2\/media?parent=445"}],"wp:term":[{"taxonomy":"product_brand","embeddable":true,"href":"https:\/\/vagabondecreation.fr\/en\/wp-json\/wp\/v2\/product_brand?post=445"},{"taxonomy":"product_cat","embeddable":true,"href":"https:\/\/vagabondecreation.fr\/en\/wp-json\/wp\/v2\/product_cat?post=445"},{"taxonomy":"product_tag","embeddable":true,"href":"https:\/\/vagabondecreation.fr\/en\/wp-json\/wp\/v2\/product_tag?post=445"}],"curies":[{"name":"wp","href":"https:\/\/api.w.org\/{rel}","templated":true}]}}