{"id":4472,"date":"2023-02-24T11:00:18","date_gmt":"2023-02-24T10:00:18","guid":{"rendered":"https:\/\/vagabondecreation.fr\/?post_type=product&#038;p=4472"},"modified":"2023-02-24T10:30:29","modified_gmt":"2023-02-24T09:30:29","slug":"flower-coaster","status":"publish","type":"product","link":"https:\/\/vagabondecreation.fr\/en\/product\/flower-coaster\/","title":{"rendered":"FLOWER COASTER"},"content":{"rendered":"<p>Dessous de verre crochet\u00e9s \u00e0 la main sp\u00e9cialement con\u00e7u pour les tasses VAGABONDE CREATION pour un assortiment parfait.<\/p>\n<p>Ils sont l\u00e9g\u00e8rement plus grands pour s&#8217;adapter confortablement \u00e0 votre tasse et constituent un excellent petit d\u00e9tails en plus pour embellir votre d\u00e9cor.<\/p>\n<p>Ils peuvent aussi tr\u00e8s bien s&#8217;accorder avec une bougie, ou simplement en d\u00e9coration.<\/p>\n<p>Les sous-verres sont vendus par 4 mais vous pouvez composer l&#8217;assortiment de vos r\u00eaves en choisissant vos couleurs pour une combinaison parfaite.<\/p>\n<p>Les couleurs propos\u00e9es \u00e0 la vente sont \u00e0 l&#8217;image de VAGABONDE CREATION; neutres.<\/p>\n<p>Vous avez le choix entre: BLANC. \u00c9CRUS. GRIS. TAUPE.<\/p>\n<p>Ces dessous de verre sont en acrylique, et ont une taille d&#8217;environ 11 cm de diam\u00e8tre.<\/p>\n<p>Pour l&#8217;entretien; il est pr\u00e9f\u00e9rable de les laver \u00e0 la main pour une dur\u00e9e de vie plus longue.<\/p>","protected":false},"excerpt":{"rendered":"<p>Dessous de verre crochet\u00e9s \u00e0 la main.<\/p>\n<p>Les sous-verres sont vendus par 4 mais vous pouvez composer l&#8217;assortiment de vos r\u00eaves en choisissant vos couleurs pour une combinaison parfaite.<\/p>\n<p>Les couleurs propos\u00e9es \u00e0 la vente sont \u00e0 l&#8217;image de VAGABONDE CREATION; neutres.<\/p>\n<p>Vous avez le choix entre: BLANC. \u00c9CRUS. GRIS. TAUPE.<\/p>\n<p>&nbsp;<\/p>","protected":false},"featured_media":4506,"comment_status":"open","ping_status":"closed","template":"","meta":{"_acf_changed":false,"_monsterinsights_skip_tracking":false,"_monsterinsights_sitenote_active":false,"_monsterinsights_sitenote_note":"","_monsterinsights_sitenote_category":0},"product_brand":[],"product_cat":[39],"product_tag":[],"class_list":{"0":"post-4472","1":"product","2":"type-product","3":"status-publish","4":"has-post-thumbnail","6":"product_cat-crochet","8":"first","9":"instock","10":"taxable","11":"shipping-taxable","12":"purchasable","13":"product-type-variable"},"acf":[],"jetpack_sharing_enabled":true,"_links":{"self":[{"href":"https:\/\/vagabondecreation.fr\/en\/wp-json\/wp\/v2\/product\/4472","targetHints":{"allow":["GET"]}}],"collection":[{"href":"https:\/\/vagabondecreation.fr\/en\/wp-json\/wp\/v2\/product"}],"about":[{"href":"https:\/\/vagabondecreation.fr\/en\/wp-json\/wp\/v2\/types\/product"}],"replies":[{"embeddable":true,"href":"https:\/\/vagabondecreation.fr\/en\/wp-json\/wp\/v2\/comments?post=4472"}],"wp:featuredmedia":[{"embeddable":true,"href":"https:\/\/vagabondecreation.fr\/en\/wp-json\/wp\/v2\/media\/4506"}],"wp:attachment":[{"href":"https:\/\/vagabondecreation.fr\/en\/wp-json\/wp\/v2\/media?parent=4472"}],"wp:term":[{"taxonomy":"product_brand","embeddable":true,"href":"https:\/\/vagabondecreation.fr\/en\/wp-json\/wp\/v2\/product_brand?post=4472"},{"taxonomy":"product_cat","embeddable":true,"href":"https:\/\/vagabondecreation.fr\/en\/wp-json\/wp\/v2\/product_cat?post=4472"},{"taxonomy":"product_tag","embeddable":true,"href":"https:\/\/vagabondecreation.fr\/en\/wp-json\/wp\/v2\/product_tag?post=4472"}],"curies":[{"name":"wp","href":"https:\/\/api.w.org\/{rel}","templated":true}]}}