{"id":5293,"date":"2023-04-06T11:32:54","date_gmt":"2023-04-06T09:32:54","guid":{"rendered":"https:\/\/vagabondecreation.fr\/?post_type=product&#038;p=5293"},"modified":"2024-12-08T13:23:12","modified_gmt":"2024-12-08T12:23:12","slug":"a-n-i-t-a%e2%8e%9cb-e-i-g-e","status":"publish","type":"product","link":"https:\/\/vagabondecreation.fr\/en\/product\/a-n-i-t-a%e2%8e%9cb-e-i-g-e\/","title":{"rendered":"A N I T A\u239cB E I G E"},"content":{"rendered":"<p class=\"p1\">Boucles d\u2019oreilles pendantes de couleur MARBR\u00c9 BEIGE &amp; BLANC.<\/p>\n<p class=\"p1\">Article fait enti\u00e8rement \u00e0 la main.<\/p>\n<p class=\"p1\">Longueur: 5 cm.<\/p>\n<p class=\"p1\">Largeur: 2,5 cm.<\/p>\n<p class=\"p1\">Poids: 6 grammes.<\/p>\n<p class=\"p1\">Mat\u00e9riel: argile polym\u00e8re; acier inoxydable.<\/p>\n<p class=\"p1\">Ces boucles d\u2019oreilles modernes sont fabriqu\u00e9es \u00e0 partir d\u2019argile polym\u00e8re qui leur procure une belle l\u00e9g\u00e8ret\u00e9.<br \/>\nChaque paire est artisanale, unique et fabriqu\u00e9e en France.<\/p>\n<p class=\"p1\">Aucun vernis qui risquerait de s\u2019\u00e9cailler au fil du temps, mais un travail de polissage pour accentuer la brillance de ces boucles d\u2019oreilles.<\/p>\n<p class=\"p1\">Les clous\/crochets et anneaux sont en acier avec un bouchon en silicone et un autre en acier pour vous laissez le choix de porter celui que vous pr\u00e9f\u00e9rez.<\/p>\n<p class=\"p1\">Le maquillage, l\u2019huile ou la cr\u00e8me pour le visage dessus s\u2019enl\u00e8vera gr\u00e2ce \u00e0 un chiffon doux et humide!<\/p>\n<p class=\"p1\">Une variation de \u00ab motif \u00bb est possible, car toutes les boucles d\u2019oreilles sont uniques, il n\u2019y aura pas deux paires identiques! Alors guettez le e-shop r\u00e9guli\u00e8rement car des nouveaut\u00e9s sont tr\u00e8s souvent mises en vente.<\/p>\n<p class=\"p1\">Toute commande sera joliment emball\u00e9e, pr\u00eate \u00e0 \u00eatre offerte comme un cadeau (ou \u00e0 s\u2019offrir)!<br \/>\nSi vous souhaitez ajouter un message personnel pour accompagner votre commande, n\u2019h\u00e9sitez pas \u00e0 me l\u2019indiquer lors de votre achat.<\/p>\n<p class=\"p1\">On se rejoint sur Instagram ? @vagabonde.creation<\/p>","protected":false},"excerpt":{"rendered":"<div class=\"woocommerce-product-details__short-description\">\n<div class=\"woocommerce-product-details__short-description\">\n<p class=\"p1\">Ces boucles d\u2019oreilles modernes sont fabriqu\u00e9es \u00e0 partir d\u2019argile polym\u00e8re qui leur procure une belle l\u00e9g\u00e8ret\u00e9.<\/p>\n<p class=\"p1\">Chaque paire est artisanale, unique et fabriqu\u00e9e en France.<\/p>\n<p>Mat\u00e9riel: argile polym\u00e8re; <strong>acier<\/strong> <strong>inoxydable<\/strong>.<\/p>\n<\/div>\n<\/div>","protected":false},"featured_media":5185,"comment_status":"open","ping_status":"closed","template":"","meta":{"_acf_changed":false,"_monsterinsights_skip_tracking":false,"_monsterinsights_sitenote_active":false,"_monsterinsights_sitenote_note":"","_monsterinsights_sitenote_category":0},"product_brand":[],"product_cat":[19,155],"product_tag":[],"class_list":{"0":"post-5293","1":"product","2":"type-product","3":"status-publish","4":"has-post-thumbnail","6":"product_cat-boucles-doreille-classiques","7":"product_cat-nouvelle-collection","9":"first","10":"outofstock","11":"taxable","12":"shipping-taxable","13":"purchasable","14":"product-type-simple"},"acf":[],"jetpack_sharing_enabled":true,"_links":{"self":[{"href":"https:\/\/vagabondecreation.fr\/en\/wp-json\/wp\/v2\/product\/5293","targetHints":{"allow":["GET"]}}],"collection":[{"href":"https:\/\/vagabondecreation.fr\/en\/wp-json\/wp\/v2\/product"}],"about":[{"href":"https:\/\/vagabondecreation.fr\/en\/wp-json\/wp\/v2\/types\/product"}],"replies":[{"embeddable":true,"href":"https:\/\/vagabondecreation.fr\/en\/wp-json\/wp\/v2\/comments?post=5293"}],"wp:featuredmedia":[{"embeddable":true,"href":"https:\/\/vagabondecreation.fr\/en\/wp-json\/wp\/v2\/media\/5185"}],"wp:attachment":[{"href":"https:\/\/vagabondecreation.fr\/en\/wp-json\/wp\/v2\/media?parent=5293"}],"wp:term":[{"taxonomy":"product_brand","embeddable":true,"href":"https:\/\/vagabondecreation.fr\/en\/wp-json\/wp\/v2\/product_brand?post=5293"},{"taxonomy":"product_cat","embeddable":true,"href":"https:\/\/vagabondecreation.fr\/en\/wp-json\/wp\/v2\/product_cat?post=5293"},{"taxonomy":"product_tag","embeddable":true,"href":"https:\/\/vagabondecreation.fr\/en\/wp-json\/wp\/v2\/product_tag?post=5293"}],"curies":[{"name":"wp","href":"https:\/\/api.w.org\/{rel}","templated":true}]}}