{"id":5320,"date":"2023-04-09T14:38:20","date_gmt":"2023-04-09T12:38:20","guid":{"rendered":"https:\/\/vagabondecreation.fr\/?post_type=product&#038;p=5320"},"modified":"2023-06-07T09:07:05","modified_gmt":"2023-06-07T07:07:05","slug":"verseur-classique","status":"publish","type":"product","link":"https:\/\/vagabondecreation.fr\/en\/product\/verseur-classique\/","title":{"rendered":"VERSEUR CLASSIQUE"},"content":{"rendered":"<p>La forme et le bec de ce verseur en c\u00e9ramique en fait un objet de d\u00e9co raffin\u00e9 pour faciliter votre matcha ou votre cappuccino du matin. Plut\u00f4t simple? Pour vous c\u2019est th\u00e9 ou caf\u00e9 noir? Aucun souci, il peut tout \u00e0 fait vous \u00eatre utile lors des pr\u00e9paration de sauces ou lors de vos ap\u00e9ros!<\/p>\n<p>Verseur en terre blanche recouvert d&#8217;un \u00e9mail BLANC VIEILLIT. Le m\u00eame \u00e9mail que pour les <a href=\"https:\/\/vagabondecreation.fr\/en\/product\/tasse-perle-white\/\">TASSES PERLES<\/a>, pour vous permettre de faire un joli duo! \u00a0Enti\u00e8rement fait, fa\u00e7onn\u00e9, \u00e9maill\u00e9 \u00e0 la main.<\/p>\n<p>Vendu \u00e0 l\u2019unit\u00e9.<\/p>\n<p>Cette pi\u00e8ce a \u00e9t\u00e9 enti\u00e8rement faite au tour de fa\u00e7on artisanale.<\/p>\n<p>Notez que chaque pi\u00e8ce est faite \u00e0 la main de mani\u00e8re unique et peut avoir de l\u00e9g\u00e8res variations et\/ou imperfections. Conception limit\u00e9e, unique en son genre.<\/p>\n<p>J\u2019utilise du gr\u00e8s de haute qualit\u00e9, donc chaque pi\u00e8ce peut passer lave-vaisselle.<\/p>\n<p>CEPENDANT afin de prot\u00e9ger l\u2019\u00e9mail et de garder les couleurs sur vos pi\u00e8ces parfaites, il est recommand\u00e9 de les laver \u00e0 la main.<br \/>\nLe dessous de toutes les pi\u00e8ces est brut (sans \u00e9mail), ce n\u2019est pas possible d\u2019\u00e9mailler cette partie des poterie dans le processus.<\/p>\n<p>Exp\u00e9dition dans le monde entier, demandez plus d\u2019informations sur les frais d\u2019exp\u00e9dition vers d\u2019autres pays.<\/p>\n<p>DIMENSIONS:<\/p>\n<p>\u25e6 HAUTEUR: 9 cm<\/p>\n<p>\u25e6 LONGUEUR: 8 cm<\/p>\n<p>\u25e6 LARGEUR: 8 cm<\/p>\n<p>Pour en savoir plus, visitez ma page Instagram <a href=\"https:\/\/www.instagram.com\/vagabonde.creation\/\">@vagabonde.creation<\/a> .<\/p>","protected":false},"excerpt":{"rendered":"<p>Verseur, enti\u00e8rement fait, fa\u00e7onn\u00e9, \u00e9maill\u00e9 \u00e0 la main.<\/p>\n<p>Touche artisanale id\u00e9ale pour chez vous! Cette pi\u00e8ce a \u00e9t\u00e9 r\u00e9alis\u00e9e au tour.<\/p>","protected":false},"featured_media":5322,"comment_status":"open","ping_status":"closed","template":"","meta":{"_acf_changed":false,"_monsterinsights_skip_tracking":false,"_monsterinsights_sitenote_active":false,"_monsterinsights_sitenote_note":"","_monsterinsights_sitenote_category":0},"product_brand":[],"product_cat":[155,38],"product_tag":[],"class_list":{"0":"post-5320","1":"product","2":"type-product","3":"status-publish","4":"has-post-thumbnail","6":"product_cat-nouvelle-collection","7":"product_cat-poterie","9":"first","10":"outofstock","11":"taxable","12":"shipping-taxable","13":"purchasable","14":"product-type-simple"},"acf":[],"jetpack_sharing_enabled":true,"_links":{"self":[{"href":"https:\/\/vagabondecreation.fr\/en\/wp-json\/wp\/v2\/product\/5320","targetHints":{"allow":["GET"]}}],"collection":[{"href":"https:\/\/vagabondecreation.fr\/en\/wp-json\/wp\/v2\/product"}],"about":[{"href":"https:\/\/vagabondecreation.fr\/en\/wp-json\/wp\/v2\/types\/product"}],"replies":[{"embeddable":true,"href":"https:\/\/vagabondecreation.fr\/en\/wp-json\/wp\/v2\/comments?post=5320"}],"wp:featuredmedia":[{"embeddable":true,"href":"https:\/\/vagabondecreation.fr\/en\/wp-json\/wp\/v2\/media\/5322"}],"wp:attachment":[{"href":"https:\/\/vagabondecreation.fr\/en\/wp-json\/wp\/v2\/media?parent=5320"}],"wp:term":[{"taxonomy":"product_brand","embeddable":true,"href":"https:\/\/vagabondecreation.fr\/en\/wp-json\/wp\/v2\/product_brand?post=5320"},{"taxonomy":"product_cat","embeddable":true,"href":"https:\/\/vagabondecreation.fr\/en\/wp-json\/wp\/v2\/product_cat?post=5320"},{"taxonomy":"product_tag","embeddable":true,"href":"https:\/\/vagabondecreation.fr\/en\/wp-json\/wp\/v2\/product_tag?post=5320"}],"curies":[{"name":"wp","href":"https:\/\/api.w.org\/{rel}","templated":true}]}}