{"id":5586,"date":"2023-07-24T09:22:13","date_gmt":"2023-07-24T07:22:13","guid":{"rendered":"https:\/\/vagabondecreation.fr\/?post_type=product&#038;p=5586"},"modified":"2025-05-20T11:41:23","modified_gmt":"2025-05-20T09:41:23","slug":"stage-semaine-intensive-de-modelage","status":"publish","type":"product","link":"https:\/\/vagabondecreation.fr\/en\/product\/stage-semaine-intensive-de-modelage\/","title":{"rendered":"STAGE SEMAINE INTENSIVE DE MODELAGE &#8211; 450\u20ac"},"content":{"rendered":"<p>En une semaine (4 jours ouvr\u00e9s) de cours tr\u00e8s complets, vous apprendrez la technique\u00a0<strong>du<\/strong>\u00a0<strong>modelage en profondeur ainsi que des astuces que j&#8217;utilise au quotidien et bien plus<\/strong>. Ces cours conviennent parfaitement aux d\u00e9butants qui souhaitent apprendre les techniques de modelage mais aussi aux personnes d\u00e9j\u00e0 initi\u00e9es qui souhaitent perfectionner leurs techniques et progresser dans leur pratique.<\/p>\n<p>&nbsp;<\/p>\n<p>Au programme:<\/p>\n<ul>\n<li>LUNDI: Fabrication d&#8217;un mug avec la technique de pinc\u00e9 + Fabrication d&#8217;un coupelle \u00e0 la plaque<\/li>\n<\/ul>\n<ul>\n<li>MARDI: Pose de anse + D\u00e9coration du mug et de la coupelle<\/li>\n<\/ul>\n<ul>\n<li>MERCREDI:D\u00e9but de la fabrication d&#8217;un vase au colombin<\/li>\n<\/ul>\n<ul>\n<li>JEUDI: Terminer la fabrication du vase au colombin + Travail minutieux de d\u00e9coration sur le vase<\/li>\n<\/ul>\n<p>&nbsp;<\/p>\n<p>&nbsp;<\/p>\n<p>Stage sur 4 jours: LUNDI, MARDI, MERCREDI &amp; JEUDI.<\/p>\n<p>&nbsp;<\/p>\n<p>Horaires: 9h &#8211; 14h<\/p>\n<p>&nbsp;<\/p>\n<p>TARIF POUR LE PACK DE 4 JOURS: <strong>450\u20ac\u00a0<\/strong><\/p>\n<p>&nbsp;<\/p>\n<p>Tout est compris dans le tarif : la terre, les cuissons, les mati\u00e8res premi\u00e8res et les outils. Vous n&#8217;avez besoin de rien sauf de vos mains, votre cr\u00e9ativit\u00e9 et votre patience (en poterie c&#8217;est un ma\u00eetre-mot).<\/p>\n<p>Une fois l\u2019atelier termin\u00e9, les pi\u00e8ces r\u00e9alis\u00e9es resteront \u00e0 l&#8217;atelier et seront \u00e9maill\u00e9es par mes soins en transparent brillant puis envoy\u00e9es chez vous (frais de livraison \u00e0 votre charge); ou r\u00e9cup\u00e9r\u00e9es sur place quelques semaines plus tard.<\/p>\n<p>&nbsp;<\/p>\n<p><em><span style=\"text-decoration: underline;\">Date du prochain stage:<\/span>\u00a0 du 4 au 7 AO\u00dbT 2025 \u00a0&amp; \u00a0du 11 au 14 AO\u00dbT. (FRENCH)<\/em><\/p>\n<p>&nbsp;<\/p>\n<p>La moiti\u00e9 de la valeur totale du workshop est demand\u00e9 pour la r\u00e9servation de sa place , paiement sur le site.<\/p>\n<p>La seconde moiti\u00e9 devrai \u00eatre pay\u00e9e lors du premier jour du workshop (carte ou esp\u00e8ces).<\/p>\n<p>&nbsp;<\/p>\n<p>Possibilit\u00e9 d&#8217;annulation jusqu&#8217;\u00e0 2 semaines avant le d\u00e9but du stage.<\/p>\n<p>Au del\u00e0 de ce d\u00e9lais, la caution de ne sera pas restitu\u00e9e.<\/p>\n<p>&nbsp;<\/p>\n<p>Pour s&#8217;inscrire, il vous suffit de payer la r\u00e9servation juste ici:<\/p>","protected":false},"excerpt":{"rendered":"<p>En une semaine (4 jours ouvr\u00e9s) de cours tr\u00e8s complets, vous apprendrez la technique\u00a0<strong>du<\/strong>\u00a0<strong>modelage en profondeur ainsi que des astuces que j&#8217;utilise au quotidien et bien plus<\/strong>. Ces cours conviennent parfaitement aux d\u00e9butants qui souhaitent apprendre les techniques de modelage mais aussi aux personnes d\u00e9j\u00e0 initi\u00e9es qui souhaitent perfectionner leurs techniques et progresser dans leur pratique.<\/p>\n<p>&nbsp;<\/p>\n<p>Informations d\u00e9taill\u00e9es dans la description en dessous:<\/p>","protected":false},"featured_media":5592,"comment_status":"open","ping_status":"closed","template":"","meta":{"_acf_changed":false,"_monsterinsights_skip_tracking":false,"_monsterinsights_sitenote_active":false,"_monsterinsights_sitenote_note":"","_monsterinsights_sitenote_category":0},"product_brand":[],"product_cat":[18,160,121],"product_tag":[],"class_list":{"0":"post-5586","1":"product","2":"type-product","3":"status-publish","4":"has-post-thumbnail","6":"product_cat-uncategorized","7":"product_cat-cours-semaine","8":"product_cat-cours","10":"first","11":"instock","12":"virtual","13":"taxable","14":"purchasable","15":"product-type-simple"},"acf":[],"jetpack_sharing_enabled":true,"_links":{"self":[{"href":"https:\/\/vagabondecreation.fr\/en\/wp-json\/wp\/v2\/product\/5586","targetHints":{"allow":["GET"]}}],"collection":[{"href":"https:\/\/vagabondecreation.fr\/en\/wp-json\/wp\/v2\/product"}],"about":[{"href":"https:\/\/vagabondecreation.fr\/en\/wp-json\/wp\/v2\/types\/product"}],"replies":[{"embeddable":true,"href":"https:\/\/vagabondecreation.fr\/en\/wp-json\/wp\/v2\/comments?post=5586"}],"wp:featuredmedia":[{"embeddable":true,"href":"https:\/\/vagabondecreation.fr\/en\/wp-json\/wp\/v2\/media\/5592"}],"wp:attachment":[{"href":"https:\/\/vagabondecreation.fr\/en\/wp-json\/wp\/v2\/media?parent=5586"}],"wp:term":[{"taxonomy":"product_brand","embeddable":true,"href":"https:\/\/vagabondecreation.fr\/en\/wp-json\/wp\/v2\/product_brand?post=5586"},{"taxonomy":"product_cat","embeddable":true,"href":"https:\/\/vagabondecreation.fr\/en\/wp-json\/wp\/v2\/product_cat?post=5586"},{"taxonomy":"product_tag","embeddable":true,"href":"https:\/\/vagabondecreation.fr\/en\/wp-json\/wp\/v2\/product_tag?post=5586"}],"curies":[{"name":"wp","href":"https:\/\/api.w.org\/{rel}","templated":true}]}}