{"id":591,"date":"2021-09-13T19:36:19","date_gmt":"2021-09-13T17:36:19","guid":{"rendered":"https:\/\/vagabondecreation.fr\/?post_type=product&#038;p=591"},"modified":"2021-12-27T09:53:24","modified_gmt":"2021-12-27T08:53:24","slug":"sac-crochet-fait-main","status":"publish","type":"product","link":"https:\/\/vagabondecreation.fr\/en\/product\/sac-crochet-fait-main\/","title":{"rendered":"SAC CROCHET FAIT MAIN"},"content":{"rendered":"<p>Sac en crochet fait enti\u00e8rement \u00e0 la main, fabriqu\u00e9 \u00e0 partir de fil 100% coton recycl\u00e9.<\/p>\n<p>Pour vous donner une id\u00e9e de la mati\u00e8re du sac: texture mixte entre la laine et la corde\/macram\u00e9.<\/p>\n<p>Il existe dans une vari\u00e9t\u00e9 de couleurs (option \u00e0 choisir lors de la commande).<\/p>\n<p>Si besoin, lavage \u00e0 la main \u00e0 l\u2019eau froide et laisser s\u00e9cher \u00e0 l&#8217;air libre.<\/p>\n<p>Mesures:<\/p>\n<ul>\n<li>Longueur anses sac port\u00e9 \u00e0 l&#8217;\u00e9paule: 35\/40 cm.<\/li>\n<li>Longueur partie inf\u00e9rieure du sac port\u00e9 \u00e0 l&#8217;\u00e9paule: 45\/50 cm.<\/li>\n<li>Longueur du haut des anses au fond du sac: 85 cm.<\/li>\n<li>Largeur: 58\/60 cm.<\/li>\n<\/ul>\n<p>Diff\u00e9rentes tailles sont disponibles, il suffit simplement de voir ensemble lors de la commande si vous d\u00e9sirez une autre taille!<\/p>\n<p>Ces sacs sont faits sur commande, donc attendez vous \u00e0 un temps d&#8217;attente entre la commande et la livraison. Si vous avez des questions sur les mesures, ou autre n\u2019h\u00e9sitez pas \u00e0 m&#8217;envoyer un message \ud83d\ude42<\/p>","protected":false},"excerpt":{"rendered":"<p>Sac en crochet fait enti\u00e8rement \u00e0 la main, fabriqu\u00e9 \u00e0 partir de fil 100% coton recycl\u00e9.<\/p>\n<p>(plusieurs couleurs disponibles)<\/p>","protected":false},"featured_media":593,"comment_status":"open","ping_status":"closed","template":"","meta":{"_acf_changed":false,"_monsterinsights_skip_tracking":false,"_monsterinsights_sitenote_active":false,"_monsterinsights_sitenote_note":"","_monsterinsights_sitenote_category":0},"product_brand":[],"product_cat":[39],"product_tag":[],"class_list":{"0":"post-591","1":"product","2":"type-product","3":"status-publish","4":"has-post-thumbnail","6":"product_cat-crochet","8":"first","9":"outofstock","10":"taxable","11":"shipping-taxable","12":"purchasable","13":"product-type-variable"},"acf":[],"jetpack_sharing_enabled":true,"_links":{"self":[{"href":"https:\/\/vagabondecreation.fr\/en\/wp-json\/wp\/v2\/product\/591","targetHints":{"allow":["GET"]}}],"collection":[{"href":"https:\/\/vagabondecreation.fr\/en\/wp-json\/wp\/v2\/product"}],"about":[{"href":"https:\/\/vagabondecreation.fr\/en\/wp-json\/wp\/v2\/types\/product"}],"replies":[{"embeddable":true,"href":"https:\/\/vagabondecreation.fr\/en\/wp-json\/wp\/v2\/comments?post=591"}],"wp:featuredmedia":[{"embeddable":true,"href":"https:\/\/vagabondecreation.fr\/en\/wp-json\/wp\/v2\/media\/593"}],"wp:attachment":[{"href":"https:\/\/vagabondecreation.fr\/en\/wp-json\/wp\/v2\/media?parent=591"}],"wp:term":[{"taxonomy":"product_brand","embeddable":true,"href":"https:\/\/vagabondecreation.fr\/en\/wp-json\/wp\/v2\/product_brand?post=591"},{"taxonomy":"product_cat","embeddable":true,"href":"https:\/\/vagabondecreation.fr\/en\/wp-json\/wp\/v2\/product_cat?post=591"},{"taxonomy":"product_tag","embeddable":true,"href":"https:\/\/vagabondecreation.fr\/en\/wp-json\/wp\/v2\/product_tag?post=591"}],"curies":[{"name":"wp","href":"https:\/\/api.w.org\/{rel}","templated":true}]}}