{"id":5950,"date":"2023-12-12T20:00:43","date_gmt":"2023-12-12T19:00:43","guid":{"rendered":"https:\/\/vagabondecreation.fr\/?post_type=product&#038;p=5950"},"modified":"2025-03-10T22:44:18","modified_gmt":"2025-03-10T21:44:18","slug":"vase-corolle-toffe-taupe-m","status":"publish","type":"product","link":"https:\/\/vagabondecreation.fr\/en\/product\/vase-corolle-toffe-taupe-m\/","title":{"rendered":"VASE COROLLE TOFFE\/TAUPE (M)"},"content":{"rendered":"<p>La forme UNIQUE de ce vase en c\u00e9ramique en fait un objet de d\u00e9co raffin\u00e9. Il trouve sa place aussi bien sur une \u00e9tag\u00e8re, une biblioth\u00e8que, ou une table. A vous de lui trouver la place parfaite dans votre quotidien.<\/p>\n<p>Les corolles ont \u00e9t\u00e9 cr\u00e9\u00e9es, tiss\u00e9es et pos\u00e9es \u00e0 la main.<\/p>\n<p>DESIGN UNIQUE.<\/p>\n<p>Vase de couleur \u00ab TOFFEE \u00bb. Le vase est \u00e9maill\u00e9 seulement \u00e0 l\u2019int\u00e9rieur ce qui lui permet d&#8217;\u00eatre \u00e9tanche \u00e0 l&#8217;eau pour pouvoir y mettre les fleurs. J\u2019ai laiss\u00e9 l&#8217;ext\u00e9rieur du vase en terre toffee brute, ce qui lui donne sa jolie couleur.<\/p>\n<p>Enti\u00e8rement fait, fa\u00e7onn\u00e9, \u00e9maill\u00e9 \u00e0 la main.<\/p>\n<p>Notez que chaque pi\u00e8ce est faite \u00e0 la main de mani\u00e8re unique et peut avoir de l\u00e9g\u00e8res variations et\/ou imperfections. Conception limit\u00e9e, unique en son genre. \u00c9tant fabriqu\u00e9es de fa\u00e7on artisanale, il peut donc y avoir de l\u00e9g\u00e8res variations en terme de dimensions et de couleur par rapport aux photos.<\/p>\n<p>Pour la r\u00e9alisation de ce vase, j&#8217;ai utilis\u00e9 du gr\u00e8s toffee.<\/p>\n<p>Afin de prot\u00e9ger l\u2019\u00e9mail et de garder les couleurs sur vos pi\u00e8ces parfaites, il est recommand\u00e9 de laver mes pi\u00e8ces \u00e0 la main.<\/p>\n<p>Exp\u00e9dition dans le monde entier, demandez plus d\u2019informations sur les frais d\u2019exp\u00e9dition vers d\u2019autres pays.<\/p>\n<p>DIMENSIONS:<\/p>\n<p>\u25e6 HAUTEUR: vase 20 cm + corolle 12 cm<\/p>\n<p>\u25e6 \u2300: vase 22 cm + corolle 40 cm<\/p>\n<p>Pour en savoir plus, visitez ma page Instagram\u00a0<a href=\"https:\/\/www.instagram.com\/vagabonde.creation\/?hl=fr\">@vagabonde.creation<\/a>\u00a0.<\/p>","protected":false},"excerpt":{"rendered":"<p>Fait main.<\/p>\n<p>DESIGN UNIQUE.<br \/>\nGr\u00e8s toffee.<br \/>\n\u00c9mail transparent en int\u00e9rieur, terre brute en ext\u00e9rieur.<br \/>\nDimensions avec corolle : \u00d8 40 cm \/ h. 32 cm<br \/>\nPoids : 1 900 gr<\/p>","protected":false},"featured_media":5964,"comment_status":"open","ping_status":"closed","template":"","meta":{"_acf_changed":false,"_monsterinsights_skip_tracking":false,"_monsterinsights_sitenote_active":false,"_monsterinsights_sitenote_note":"","_monsterinsights_sitenote_category":0},"product_brand":[],"product_cat":[196,155,38],"product_tag":[],"class_list":{"0":"post-5950","1":"product","2":"type-product","3":"status-publish","4":"has-post-thumbnail","6":"wc_square_synced-yes","7":"product_cat-artwork","8":"product_cat-nouvelle-collection","9":"product_cat-poterie","11":"first","12":"outofstock","13":"taxable","14":"shipping-taxable","15":"purchasable","16":"product-type-simple"},"acf":[],"jetpack_sharing_enabled":true,"_links":{"self":[{"href":"https:\/\/vagabondecreation.fr\/en\/wp-json\/wp\/v2\/product\/5950","targetHints":{"allow":["GET"]}}],"collection":[{"href":"https:\/\/vagabondecreation.fr\/en\/wp-json\/wp\/v2\/product"}],"about":[{"href":"https:\/\/vagabondecreation.fr\/en\/wp-json\/wp\/v2\/types\/product"}],"replies":[{"embeddable":true,"href":"https:\/\/vagabondecreation.fr\/en\/wp-json\/wp\/v2\/comments?post=5950"}],"wp:featuredmedia":[{"embeddable":true,"href":"https:\/\/vagabondecreation.fr\/en\/wp-json\/wp\/v2\/media\/5964"}],"wp:attachment":[{"href":"https:\/\/vagabondecreation.fr\/en\/wp-json\/wp\/v2\/media?parent=5950"}],"wp:term":[{"taxonomy":"product_brand","embeddable":true,"href":"https:\/\/vagabondecreation.fr\/en\/wp-json\/wp\/v2\/product_brand?post=5950"},{"taxonomy":"product_cat","embeddable":true,"href":"https:\/\/vagabondecreation.fr\/en\/wp-json\/wp\/v2\/product_cat?post=5950"},{"taxonomy":"product_tag","embeddable":true,"href":"https:\/\/vagabondecreation.fr\/en\/wp-json\/wp\/v2\/product_tag?post=5950"}],"curies":[{"name":"wp","href":"https:\/\/api.w.org\/{rel}","templated":true}]}}