{"id":6007,"date":"2024-11-29T12:47:07","date_gmt":"2024-11-29T11:47:07","guid":{"rendered":"https:\/\/vagabondecreation.fr\/product\/cute-espresso-cups\/"},"modified":"2024-12-01T20:02:24","modified_gmt":"2024-12-01T19:02:24","slug":"cute-espresso-cups","status":"publish","type":"product","link":"https:\/\/vagabondecreation.fr\/en\/product\/cute-espresso-cups\/","title":{"rendered":"CUTE ESPRESSO CUPS"},"content":{"rendered":"<p>VENDUS PAR 2.<\/p>\n<p>La forme UNIQUE de ces tasses \u00e0 espresso en c\u00e9ramique en font des objets de d\u00e9coration raffin\u00e9s. A vous de leur trouver une place parfaite dans votre quotidien.<\/p>\n<p>Tasses de couleur \u00ab BLANC BRILLANT \u00bb.<\/p>\n<p>Enti\u00e8rement faites, fa\u00e7onn\u00e9es, \u00e9maill\u00e9es \u00e0 la main. Les tasses ont \u00e9t\u00e9 model\u00e9es.<\/p>\n<p>Notez que chaque pi\u00e8ce est faite \u00e0 la main de mani\u00e8re unique et peut avoir de l\u00e9g\u00e8res variations et\/ou imperfections. Conception limit\u00e9e, unique en son genre. \u00c9tant fabriqu\u00e9es de fa\u00e7on artisanale, il peut donc y avoir de l\u00e9g\u00e8res variations en terme de dimensions et de couleur par rapport aux photos.<\/p>\n<p>Pour la r\u00e9alisation de ces tasses, j&#8217;ai utilis\u00e9 du gr\u00e8s blanc.<\/p>\n<p>Afin de prot\u00e9ger l\u2019\u00e9mail et de garder les couleurs sur vos pi\u00e8ces parfaites, il est recommand\u00e9 de laver mes pi\u00e8ces \u00e0 la main. Cependant mes cr\u00e9ations passent au lave-vaisselle ainsi qu&#8217;au micro-ond\u00e9.<\/p>\n<p>Exp\u00e9dition dans le monde entier, demandez plus d\u2019informations sur les frais d\u2019exp\u00e9dition vers d\u2019autres pays.<\/p>\n<p>DIMENSIONS:<\/p>\n<p>\u25e6 HAUTEUR: 5 cm<\/p>\n<p>\u25e6 \u2300: 6\/7 cm<\/p>\n<p>Pour en savoir plus, visitez ma page Instagram\u00a0<a href=\"https:\/\/www.instagram.com\/vagabonde.creation\/?hl=fr\">@vagabonde.creation<\/a>\u00a0.<\/p>","protected":false},"excerpt":{"rendered":"<p>VENDUS PAR 2.<\/p>\n<p>Fait main.<br \/>\nGr\u00e8s blanc.<br \/>\n\u00c9mail transparent en int\u00e9rieur, terre brute en ext\u00e9rieur.<br \/>\nDimensions : \u00d8 6\/7 cm &#8211; h. 5 cm<br \/>\nPoids : 200 gr<\/p>\n<p>&nbsp;<\/p>","protected":false},"featured_media":6140,"comment_status":"open","ping_status":"closed","template":"","meta":{"_acf_changed":false,"_monsterinsights_skip_tracking":false,"_monsterinsights_sitenote_active":false,"_monsterinsights_sitenote_note":"","_monsterinsights_sitenote_category":0},"product_brand":[],"product_cat":[155,38],"product_tag":[],"class_list":{"0":"post-6007","1":"product","2":"type-product","3":"status-publish","4":"has-post-thumbnail","6":"wc_square_synced-yes","7":"product_cat-nouvelle-collection","8":"product_cat-poterie","10":"first","11":"outofstock","12":"taxable","13":"shipping-taxable","14":"purchasable","15":"product-type-simple"},"acf":[],"jetpack_sharing_enabled":true,"_links":{"self":[{"href":"https:\/\/vagabondecreation.fr\/en\/wp-json\/wp\/v2\/product\/6007","targetHints":{"allow":["GET"]}}],"collection":[{"href":"https:\/\/vagabondecreation.fr\/en\/wp-json\/wp\/v2\/product"}],"about":[{"href":"https:\/\/vagabondecreation.fr\/en\/wp-json\/wp\/v2\/types\/product"}],"replies":[{"embeddable":true,"href":"https:\/\/vagabondecreation.fr\/en\/wp-json\/wp\/v2\/comments?post=6007"}],"wp:featuredmedia":[{"embeddable":true,"href":"https:\/\/vagabondecreation.fr\/en\/wp-json\/wp\/v2\/media\/6140"}],"wp:attachment":[{"href":"https:\/\/vagabondecreation.fr\/en\/wp-json\/wp\/v2\/media?parent=6007"}],"wp:term":[{"taxonomy":"product_brand","embeddable":true,"href":"https:\/\/vagabondecreation.fr\/en\/wp-json\/wp\/v2\/product_brand?post=6007"},{"taxonomy":"product_cat","embeddable":true,"href":"https:\/\/vagabondecreation.fr\/en\/wp-json\/wp\/v2\/product_cat?post=6007"},{"taxonomy":"product_tag","embeddable":true,"href":"https:\/\/vagabondecreation.fr\/en\/wp-json\/wp\/v2\/product_tag?post=6007"}],"curies":[{"name":"wp","href":"https:\/\/api.w.org\/{rel}","templated":true}]}}