{"id":6504,"date":"2023-12-12T20:00:32","date_gmt":"2023-12-12T19:00:32","guid":{"rendered":"https:\/\/vagabondecreation.fr\/?post_type=product&#038;p=6504"},"modified":"2024-10-12T20:26:45","modified_gmt":"2024-10-12T18:26:45","slug":"set-de-4-cups-mouchetes","status":"publish","type":"product","link":"https:\/\/vagabondecreation.fr\/en\/product\/set-de-4-cups-mouchetes\/","title":{"rendered":"SET DE 4 CUPS MOUCHET\u00c9S"},"content":{"rendered":"<p>VENDUS PAR 4.<\/p>\n<p>La forme UNIQUE de ces petits cups en c\u00e9ramique en font des objets de d\u00e9coration raffin\u00e9s. A vous de leur trouver une place parfaite dans votre quotidien.<\/p>\n<p>Tasses de couleur \u00ab BLANC BRILLANT MOUCHET\u00c9 \u00bb.<\/p>\n<p>Enti\u00e8rement faits, fa\u00e7onn\u00e9s, \u00e9maill\u00e9s \u00e0 la main. Les cups ont \u00e9t\u00e9 tourn\u00e9es.<\/p>\n<p>Notez que chaque pi\u00e8ce est faite \u00e0 la main de mani\u00e8re unique et peut avoir de l\u00e9g\u00e8res variations et\/ou imperfections. Conception limit\u00e9e, unique en son genre. \u00c9tant fabriqu\u00e9es de fa\u00e7on artisanale, il peut donc y avoir de l\u00e9g\u00e8res variations en terme de dimensions et de couleur par rapport aux photos.<\/p>\n<p>Pour la r\u00e9alisation de ces cups, j&#8217;ai utilis\u00e9 du gr\u00e8s blanc.<\/p>\n<p>Afin de prot\u00e9ger l\u2019\u00e9mail et de garder les couleurs sur vos pi\u00e8ces parfaites, il est recommand\u00e9 de laver mes pi\u00e8ces \u00e0 la main. Cependant mes cr\u00e9ations passent au lave-vaisselle ainsi qu&#8217;au micro-onde.<\/p>\n<p>Exp\u00e9dition dans le monde entier, demandez plus d\u2019informations sur les frais d\u2019exp\u00e9dition vers d\u2019autres pays.<\/p>\n<p>DIMENSIONS:<\/p>\n<p>\u25e6 HAUTEUR: 5\/6 cm<\/p>\n<p>\u25e6 \u2300: 8\/9 cm<\/p>\n<p>Pour en savoir plus, visitez ma page Instagram\u00a0<a href=\"https:\/\/www.instagram.com\/vagabonde.creation\/?hl=fr\">@vagabonde.creation<\/a>\u00a0.<\/p>","protected":false},"excerpt":{"rendered":"<p>VENDUS EN LOT DE 4.<\/p>\n<p>Fait main.<br \/>\nGr\u00e8s blanc.<br \/>\n\u00c9mail transparent en int\u00e9rieur, terre brute en ext\u00e9rieur.<br \/>\nDimensions : \u00d8 8\/9 cm &#8211; h. 5\/6 cm<br \/>\nPoids : 200g\/ Unit\u00e9<\/p>","protected":false},"featured_media":6432,"comment_status":"open","ping_status":"closed","template":"","meta":{"_acf_changed":false,"_monsterinsights_skip_tracking":false,"_monsterinsights_sitenote_active":false,"_monsterinsights_sitenote_note":"","_monsterinsights_sitenote_category":0},"product_brand":[],"product_cat":[155,38],"product_tag":[],"class_list":{"0":"post-6504","1":"product","2":"type-product","3":"status-publish","4":"has-post-thumbnail","6":"wc_square_synced-yes","7":"product_cat-nouvelle-collection","8":"product_cat-poterie","10":"first","11":"outofstock","12":"taxable","13":"shipping-taxable","14":"purchasable","15":"product-type-simple"},"acf":[],"jetpack_sharing_enabled":true,"_links":{"self":[{"href":"https:\/\/vagabondecreation.fr\/en\/wp-json\/wp\/v2\/product\/6504","targetHints":{"allow":["GET"]}}],"collection":[{"href":"https:\/\/vagabondecreation.fr\/en\/wp-json\/wp\/v2\/product"}],"about":[{"href":"https:\/\/vagabondecreation.fr\/en\/wp-json\/wp\/v2\/types\/product"}],"replies":[{"embeddable":true,"href":"https:\/\/vagabondecreation.fr\/en\/wp-json\/wp\/v2\/comments?post=6504"}],"wp:featuredmedia":[{"embeddable":true,"href":"https:\/\/vagabondecreation.fr\/en\/wp-json\/wp\/v2\/media\/6432"}],"wp:attachment":[{"href":"https:\/\/vagabondecreation.fr\/en\/wp-json\/wp\/v2\/media?parent=6504"}],"wp:term":[{"taxonomy":"product_brand","embeddable":true,"href":"https:\/\/vagabondecreation.fr\/en\/wp-json\/wp\/v2\/product_brand?post=6504"},{"taxonomy":"product_cat","embeddable":true,"href":"https:\/\/vagabondecreation.fr\/en\/wp-json\/wp\/v2\/product_cat?post=6504"},{"taxonomy":"product_tag","embeddable":true,"href":"https:\/\/vagabondecreation.fr\/en\/wp-json\/wp\/v2\/product_tag?post=6504"}],"curies":[{"name":"wp","href":"https:\/\/api.w.org\/{rel}","templated":true}]}}