{"id":6972,"date":"2024-04-14T11:00:05","date_gmt":"2024-04-14T09:00:05","guid":{"rendered":"https:\/\/vagabondecreation.fr\/?post_type=product&#038;p=6972"},"modified":"2025-12-18T12:13:12","modified_gmt":"2025-12-18T11:13:12","slug":"2-31","status":"publish","type":"product","link":"https:\/\/vagabondecreation.fr\/en\/product\/2-31\/","title":{"rendered":"2\/31"},"content":{"rendered":"<p>Ce vase en GR\u00c8S BLANC est une pi\u00e8ce <strong>UNIQUE, NUM\u00c9ROT\u00c9E<\/strong> qui apportera une touche raffin\u00e9e \u00e0 n&#8217;importe quel espace de votre int\u00e9rieur. Sa forme distinctive lui permet de s&#8217;int\u00e9grer parfaitement sur une \u00e9tag\u00e8re, une biblioth\u00e8que ou une table, ajoutant ainsi une note d&#8217;\u00e9l\u00e9gance \u00e0 votre quotidien.<\/p>\n<p>Chaque d\u00e9tail de ce vase a \u00e9t\u00e9 soigneusement con\u00e7u \u00e0 la main, des fleurs cr\u00e9\u00e9es, et pos\u00e9es avec pr\u00e9cision, jusqu&#8217;\u00e0 l&#8217;application de l&#8217;\u00e9mail \u00e0 l&#8217;int\u00e9rieur (TRANSPARENTS BRILLANT CRAQUEL\u00c9) pour assurer l&#8217;\u00e9tanch\u00e9it\u00e9 afin d&#8217;y placer des fleurs fra\u00eeches.<\/p>\n<p>Le choix de laisser l&#8217;ext\u00e9rieur du vase en terre brute lui conf\u00e8re une belle couleur cr\u00e8me naturelle, mettant en valeur son caract\u00e8re artisanal et unique.<\/p>\n<p>Il est important de noter que chaque pi\u00e8ce est r\u00e9alis\u00e9e en un seul exemplaire faisant de chaque vase une cr\u00e9ation authentique et originale.<\/p>\n<p><em>\ud83c\udfa5 <a href=\"https:\/\/www.instagram.com\/reel\/C4BaEXcLo9u\/?utm_source=ig_web_copy_link&amp;igsh=MzRlODBiNWFlZA==\">Cliquez ici<\/a> pour visionner la vid\u00e9o montrant le processus de fabrication de ce vase.<\/em><\/p>\n<p>NOTE IMPORTANTE: chaque pi\u00e8ce sera livr\u00e9e avec son certificat d&#8217;authenticit\u00e9, sign\u00e9 manuellement.<\/p>\n<p>Fabriqu\u00e9 \u00e0 partir de gr\u00e8s blanc de haute qualit\u00e9, et cuit \u00e0 haute temp\u00e9rature, ce vase est non seulement esth\u00e9tique, mais aussi durable.<\/p>\n<p>Pour assurer la long\u00e9vit\u00e9 de l&#8217;\u00e9mail et pr\u00e9server les couleurs \u00e9clatantes, il est recommand\u00e9 de laver ce vase \u00e0 la main.<\/p>\n<p>L&#8217;exp\u00e9dition est disponible dans le monde entier, veuillez contacter le vendeur pour obtenir plus d&#8217;informations sur les frais d&#8217;exp\u00e9dition vers d&#8217;autres pays qui ne serai pas propos\u00e9 lors du CHECKOUT.<\/p>\n<p>Dimensions du vase:<\/p>\n<ul>\n<li>Hauteur: 16,5 cm<\/li>\n<li>Diam\u00e8tre: 9,5 cm<\/li>\n<\/ul>\n<p>Pour d\u00e9couvrir davantage de cr\u00e9ations, vous pouvez visiter la page Instagram @vagabonde.creation.<\/p>","protected":false},"excerpt":{"rendered":"<p>Ce vase en GR\u00c8S BLANC est une pi\u00e8ce <strong>UNIQUE, NUM\u00c9ROT\u00c9E<\/strong> qui apportera une touche raffin\u00e9e \u00e0 n&#8217;importe quel espace de votre int\u00e9rieur.<\/p>\n<p>&nbsp;<\/p>\n<p><em>\ud83c\udfa5 <a href=\"https:\/\/www.instagram.com\/reel\/C4BaEXcLo9u\/?utm_source=ig_web_copy_link&amp;igsh=MzRlODBiNWFlZA==\">Cliquez ici<\/a> pour visionner la vid\u00e9o montrant le processus de fabrication de ce vase.<\/em><\/p>\n<p>&nbsp;<\/p>\n<p>Dimensions du vase:<\/p>\n<ul>\n<li>Hauteur: 16,5 cm<\/li>\n<li>Diam\u00e8tre: 9,5 cm<\/li>\n<\/ul>\n<p>&nbsp;<\/p>\n<p>NOTE IMPORTANTE: chaque pi\u00e8ce sera livr\u00e9e avec son certificat d&#8217;authenticit\u00e9, sign\u00e9 manuellement.<\/p>","protected":false},"featured_media":7041,"comment_status":"open","ping_status":"closed","template":"","meta":{"_acf_changed":false,"_monsterinsights_skip_tracking":false,"_monsterinsights_sitenote_active":false,"_monsterinsights_sitenote_note":"","_monsterinsights_sitenote_category":0},"product_brand":[],"product_cat":[196,38],"product_tag":[],"class_list":{"0":"post-6972","1":"product","2":"type-product","3":"status-publish","4":"has-post-thumbnail","6":"product_cat-artwork","7":"product_cat-poterie","9":"first","10":"instock","11":"taxable","12":"shipping-taxable","13":"purchasable","14":"product-type-simple"},"acf":[],"jetpack_sharing_enabled":true,"_links":{"self":[{"href":"https:\/\/vagabondecreation.fr\/en\/wp-json\/wp\/v2\/product\/6972","targetHints":{"allow":["GET"]}}],"collection":[{"href":"https:\/\/vagabondecreation.fr\/en\/wp-json\/wp\/v2\/product"}],"about":[{"href":"https:\/\/vagabondecreation.fr\/en\/wp-json\/wp\/v2\/types\/product"}],"replies":[{"embeddable":true,"href":"https:\/\/vagabondecreation.fr\/en\/wp-json\/wp\/v2\/comments?post=6972"}],"wp:featuredmedia":[{"embeddable":true,"href":"https:\/\/vagabondecreation.fr\/en\/wp-json\/wp\/v2\/media\/7041"}],"wp:attachment":[{"href":"https:\/\/vagabondecreation.fr\/en\/wp-json\/wp\/v2\/media?parent=6972"}],"wp:term":[{"taxonomy":"product_brand","embeddable":true,"href":"https:\/\/vagabondecreation.fr\/en\/wp-json\/wp\/v2\/product_brand?post=6972"},{"taxonomy":"product_cat","embeddable":true,"href":"https:\/\/vagabondecreation.fr\/en\/wp-json\/wp\/v2\/product_cat?post=6972"},{"taxonomy":"product_tag","embeddable":true,"href":"https:\/\/vagabondecreation.fr\/en\/wp-json\/wp\/v2\/product_tag?post=6972"}],"curies":[{"name":"wp","href":"https:\/\/api.w.org\/{rel}","templated":true}]}}