{"id":6997,"date":"2024-04-14T11:00:03","date_gmt":"2024-04-14T09:00:03","guid":{"rendered":"https:\/\/vagabondecreation.fr\/?post_type=product&#038;p=6997"},"modified":"2024-12-21T10:04:40","modified_gmt":"2024-12-21T09:04:40","slug":"21-31","status":"publish","type":"product","link":"https:\/\/vagabondecreation.fr\/en\/product\/21-31\/","title":{"rendered":"21\/31"},"content":{"rendered":"<p>Ce mural en GR\u00c8S BLANC est une pi\u00e8ce <strong>UNIQUE et NUM\u00c9ROT\u00c9E<\/strong> qui apportera une touche raffin\u00e9e \u00e0 n&#8217;importe quel espace de votre int\u00e9rieur. Sa forme distinctive lui permet de s&#8217;int\u00e9grer parfaitement \u00e0 votre quotidien tout en apportant une touche d&#8217;\u00e9l\u00e9gance \u00e0 votre d\u00e9coration.<\/p>\n<p>Chaque d\u00e9tail de cette d\u00e9coration murale a \u00e9t\u00e9 soigneusement con\u00e7u \u00e0 la main jusqu&#8217;\u00e0 l&#8217;int\u00e9gration des fleurs avec pr\u00e9cision.<\/p>\n<p>Le choix de laisser cette pi\u00e8ce en terre brute lui conf\u00e8re une belle couleur cr\u00e8me naturelle, mettant en valeur son caract\u00e8re artisanal et unique.<\/p>\n<p>Il est important de noter que chaque pi\u00e8ce est r\u00e9alis\u00e9e en un seul exemplaire faisant de chaque vase une cr\u00e9ation authentique et originale.<\/p>\n<p><em>\ud83c\udfa5 <a href=\"https:\/\/www.instagram.com\/reel\/C4yTlgIrj5F\/?utm_source=ig_web_copy_link&amp;igsh=MzRlODBiNWFlZA==\">Cliquez ici<\/a> pour visionner la vid\u00e9o montrant le processus de fabrication de ce mural.<\/em><\/p>\n<p>NOTE IMPORTANTE: chaque pi\u00e8ce sera livr\u00e9e avec son certificat d&#8217;authenticit\u00e9, sign\u00e9 manuellement.<\/p>\n<p>Fabriqu\u00e9 \u00e0 partir de gr\u00e8s blanc de haute qualit\u00e9, et cuit \u00e0 haute temp\u00e9rature, ce vase est non seulement esth\u00e9tique, mais aussi durable.<\/p>\n<p>Pour assurer la long\u00e9vit\u00e9 de l&#8217;\u00e9mail et pr\u00e9server les couleurs \u00e9clatantes, il est recommand\u00e9 de laver ce vase \u00e0 la main.<\/p>\n<p>L&#8217;exp\u00e9dition est disponible dans le monde entier, veuillez contacter le vendeur pour obtenir plus d&#8217;informations sur les frais d&#8217;exp\u00e9dition vers d&#8217;autres pays qui ne serai pas propos\u00e9 lors du CHECKOUT.<\/p>\n<p>Dimensions du mural:<\/p>\n<ul>\n<li>Hauteur: 5 cm<\/li>\n<li>Diam\u00e8tre: 25 cm<\/li>\n<\/ul>\n<p>Pour d\u00e9couvrir davantage de cr\u00e9ations, vous pouvez visiter la page Instagram @vagabonde.creation.<\/p>","protected":false},"excerpt":{"rendered":"<p>Ce mural en GR\u00c8S BLANC est une pi\u00e8ce <strong>UNIQUE et NUM\u00c9ROT\u00c9E<\/strong> qui apportera une touche raffin\u00e9e \u00e0 n\u2019importe quel espace de votre int\u00e9rieur.<\/p>\n<p>&nbsp;<\/p>\n<p><em>\ud83c\udfa5 <a href=\"https:\/\/www.instagram.com\/reel\/C4yTlgIrj5F\/?utm_source=ig_web_copy_link&amp;igsh=MzRlODBiNWFlZA==\">Cliquez ici<\/a> pour visionner la vid\u00e9o montrant le processus de fabrication de ce mural.<\/em><\/p>\n<p>&nbsp;<\/p>\n<p>Dimensions du mural:<\/p>\n<ul>\n<li>Hauteur: 5 cm<\/li>\n<li>Diam\u00e8tre: 25 cm<\/li>\n<\/ul>\n<p>&nbsp;<\/p>\n<p>NOTE IMPORTANTE: chaque pi\u00e8ce sera livr\u00e9e avec son certificat d\u2019authenticit\u00e9, sign\u00e9 manuellement.<\/p>","protected":false},"featured_media":7314,"comment_status":"open","ping_status":"closed","template":"","meta":{"_acf_changed":false,"_monsterinsights_skip_tracking":false,"_monsterinsights_sitenote_active":false,"_monsterinsights_sitenote_note":"","_monsterinsights_sitenote_category":0},"product_brand":[],"product_cat":[196,38],"product_tag":[],"class_list":{"0":"post-6997","1":"product","2":"type-product","3":"status-publish","4":"has-post-thumbnail","6":"wc_square_synced-yes","7":"product_cat-artwork","8":"product_cat-poterie","10":"first","11":"outofstock","12":"taxable","13":"shipping-taxable","14":"purchasable","15":"product-type-simple"},"acf":[],"jetpack_sharing_enabled":true,"_links":{"self":[{"href":"https:\/\/vagabondecreation.fr\/en\/wp-json\/wp\/v2\/product\/6997","targetHints":{"allow":["GET"]}}],"collection":[{"href":"https:\/\/vagabondecreation.fr\/en\/wp-json\/wp\/v2\/product"}],"about":[{"href":"https:\/\/vagabondecreation.fr\/en\/wp-json\/wp\/v2\/types\/product"}],"replies":[{"embeddable":true,"href":"https:\/\/vagabondecreation.fr\/en\/wp-json\/wp\/v2\/comments?post=6997"}],"wp:featuredmedia":[{"embeddable":true,"href":"https:\/\/vagabondecreation.fr\/en\/wp-json\/wp\/v2\/media\/7314"}],"wp:attachment":[{"href":"https:\/\/vagabondecreation.fr\/en\/wp-json\/wp\/v2\/media?parent=6997"}],"wp:term":[{"taxonomy":"product_brand","embeddable":true,"href":"https:\/\/vagabondecreation.fr\/en\/wp-json\/wp\/v2\/product_brand?post=6997"},{"taxonomy":"product_cat","embeddable":true,"href":"https:\/\/vagabondecreation.fr\/en\/wp-json\/wp\/v2\/product_cat?post=6997"},{"taxonomy":"product_tag","embeddable":true,"href":"https:\/\/vagabondecreation.fr\/en\/wp-json\/wp\/v2\/product_tag?post=6997"}],"curies":[{"name":"wp","href":"https:\/\/api.w.org\/{rel}","templated":true}]}}