{"id":722,"date":"2021-09-15T20:04:50","date_gmt":"2021-09-15T18:04:50","guid":{"rendered":"https:\/\/vagabondecreation.fr\/?post_type=product&#038;p=722"},"modified":"2021-09-23T17:28:08","modified_gmt":"2021-09-23T15:28:08","slug":"mug-another","status":"publish","type":"product","link":"https:\/\/vagabondecreation.fr\/en\/product\/mug-another\/","title":{"rendered":"MUG &#8220;ANOTHER&#8221;"},"content":{"rendered":"<p>Tasse blanche, enti\u00e8rement faite, fa\u00e7onn\u00e9e, \u00e9maill\u00e9e \u00e0 la main et d\u00e9cor\u00e9 d&#8217;inscription: &#8220;ANOTHER&#8221; dans le fond.<\/p>\n<p>Boire aura un go\u00fbt encore plus d\u00e9licieux dans cette adorable tasse.<\/p>\n<p>Les &#8220;pores&#8221; de la tasse ont \u00e9t\u00e9 fait gr\u00e2ce \u00e0 des grains de poivre que j&#8217;ai incorpor\u00e9 lors de la fabrication.<\/p>\n<p><strong>Dimensions: <\/strong><\/p>\n<p>H 6,5 cm x L 11 cm<\/p>\n<p><strong>Contenance:<\/strong><\/p>\n<p>350 mL<\/p>\n<p>Chaque pi\u00e8ce est faite \u00e0 la main de mani\u00e8re unique et peut avoir de l\u00e9g\u00e8res variations et\/ou imperfections. Conception limit\u00e9e, unique en son genre.<\/p>\n<p>J\u2019utilise du gr\u00e8s de haute qualit\u00e9, donc chaque pi\u00e8ce peut passer lave-vaisselle et un four micro-ondes. CEPENDANT afin de prot\u00e9ger l&#8217;\u00e9mail et de garder les couleurs sur vos pi\u00e8ces parfaites, il est recommand\u00e9 de les laver \u00e0 la main.<br \/>\nLe dessous de toutes les pi\u00e8ces est brut (sans \u00e9mail), ce n\u2019est pas possible d&#8217;\u00e9mailler cette partie des poterie dans le processus.<\/p>\n<p>Exp\u00e9dition dans le monde entier, demandez plus d\u2019informations sur les frais d\u2019exp\u00e9dition vers d\u2019autres pays.<\/p>\n<p>Pour en savoir plus, visitez ma page Instagram @vagabonde.creation .<\/p>","protected":false},"excerpt":{"rendered":"<p>Tasse blanche, enti\u00e8rement faite, fa\u00e7onn\u00e9e, \u00e9maill\u00e9e \u00e0 la main et d\u00e9cor\u00e9 d&#8217;inscription: &#8220;ANOTHER&#8221; dans le fond.<\/p>\n<p>&nbsp;<\/p>","protected":false},"featured_media":730,"comment_status":"open","ping_status":"closed","template":"","meta":{"_acf_changed":false,"_monsterinsights_skip_tracking":false,"_monsterinsights_sitenote_active":false,"_monsterinsights_sitenote_note":"","_monsterinsights_sitenote_category":0},"product_brand":[],"product_cat":[38],"product_tag":[],"class_list":{"0":"post-722","1":"product","2":"type-product","3":"status-publish","4":"has-post-thumbnail","6":"product_cat-poterie","8":"first","9":"outofstock","10":"taxable","11":"shipping-taxable","12":"purchasable","13":"product-type-simple"},"acf":[],"jetpack_sharing_enabled":true,"_links":{"self":[{"href":"https:\/\/vagabondecreation.fr\/en\/wp-json\/wp\/v2\/product\/722","targetHints":{"allow":["GET"]}}],"collection":[{"href":"https:\/\/vagabondecreation.fr\/en\/wp-json\/wp\/v2\/product"}],"about":[{"href":"https:\/\/vagabondecreation.fr\/en\/wp-json\/wp\/v2\/types\/product"}],"replies":[{"embeddable":true,"href":"https:\/\/vagabondecreation.fr\/en\/wp-json\/wp\/v2\/comments?post=722"}],"wp:featuredmedia":[{"embeddable":true,"href":"https:\/\/vagabondecreation.fr\/en\/wp-json\/wp\/v2\/media\/730"}],"wp:attachment":[{"href":"https:\/\/vagabondecreation.fr\/en\/wp-json\/wp\/v2\/media?parent=722"}],"wp:term":[{"taxonomy":"product_brand","embeddable":true,"href":"https:\/\/vagabondecreation.fr\/en\/wp-json\/wp\/v2\/product_brand?post=722"},{"taxonomy":"product_cat","embeddable":true,"href":"https:\/\/vagabondecreation.fr\/en\/wp-json\/wp\/v2\/product_cat?post=722"},{"taxonomy":"product_tag","embeddable":true,"href":"https:\/\/vagabondecreation.fr\/en\/wp-json\/wp\/v2\/product_tag?post=722"}],"curies":[{"name":"wp","href":"https:\/\/api.w.org\/{rel}","templated":true}]}}