{"id":8268,"date":"2024-12-01T11:00:06","date_gmt":"2024-12-01T10:00:06","guid":{"rendered":"https:\/\/vagabondecreation.fr\/?post_type=product&#038;p=8268"},"modified":"2025-12-18T12:06:46","modified_gmt":"2025-12-18T11:06:46","slug":"bol-rebords-chics","status":"publish","type":"product","link":"https:\/\/vagabondecreation.fr\/en\/product\/bol-rebords-chics\/","title":{"rendered":"BOL REBORDS CHICS"},"content":{"rendered":"<p>Bol enti\u00e8rement fait, fa\u00e7onn\u00e9 et \u00e9maill\u00e9 \u00e0 la main.<\/p>\n<p>Emaill\u00e9 en blanc brillant.<\/p>\n<p>&nbsp;<\/p>\n<p><strong>Dimensions:<\/strong><\/p>\n<p>H 9 cm x L environ 12\/13 cm<\/p>\n<p>Chaque pi\u00e8ce est faite \u00e0 la main de mani\u00e8re unique et peut avoir de l\u00e9g\u00e8res variations et\/ou imperfections. Conception limit\u00e9e, unique en son genre.<\/p>\n<p>J\u2019utilise du gr\u00e8s de haute qualit\u00e9, donc chaque pi\u00e8ce peut passer lave-vaisselle et un four micro-ondes. CEPENDANT afin de prot\u00e9ger l\u2019\u00e9mail et de garder les couleurs sur vos pi\u00e8ces parfaites, il est recommand\u00e9 de les laver \u00e0 la main.<\/p>\n<p>Exp\u00e9dition dans le monde entier, demandez plus d\u2019informations sur les frais d\u2019exp\u00e9dition vers d\u2019autres pays.<\/p>\n<p>Pour en savoir plus, visitez ma page Instagram @vagabonde.creation .<\/p>","protected":false},"excerpt":{"rendered":"<p>Bol avec des rebords fins et travaill\u00e9s, enti\u00e8rement fait, fa\u00e7onn\u00e9 et \u00e9maill\u00e9 \u00e0 la main.<\/p>\n<p>Emaill\u00e9 en blanc brillant.<\/p>\n<p>&nbsp;<\/p>\n<p><strong>Dimensions:<\/strong><\/p>\n<p>HAUTEUR: 9 cm<\/p>\n<p>\u2300: 12\/13 cm<\/p>","protected":false},"featured_media":8563,"comment_status":"open","ping_status":"closed","template":"","meta":{"_acf_changed":false,"_monsterinsights_skip_tracking":false,"_monsterinsights_sitenote_active":false,"_monsterinsights_sitenote_note":"","_monsterinsights_sitenote_category":0},"product_brand":[],"product_cat":[155,38],"product_tag":[],"class_list":{"0":"post-8268","1":"product","2":"type-product","3":"status-publish","4":"has-post-thumbnail","6":"product_cat-nouvelle-collection","7":"product_cat-poterie","9":"first","10":"instock","11":"taxable","12":"shipping-taxable","13":"purchasable","14":"product-type-simple"},"acf":[],"jetpack_sharing_enabled":true,"_links":{"self":[{"href":"https:\/\/vagabondecreation.fr\/en\/wp-json\/wp\/v2\/product\/8268","targetHints":{"allow":["GET"]}}],"collection":[{"href":"https:\/\/vagabondecreation.fr\/en\/wp-json\/wp\/v2\/product"}],"about":[{"href":"https:\/\/vagabondecreation.fr\/en\/wp-json\/wp\/v2\/types\/product"}],"replies":[{"embeddable":true,"href":"https:\/\/vagabondecreation.fr\/en\/wp-json\/wp\/v2\/comments?post=8268"}],"wp:featuredmedia":[{"embeddable":true,"href":"https:\/\/vagabondecreation.fr\/en\/wp-json\/wp\/v2\/media\/8563"}],"wp:attachment":[{"href":"https:\/\/vagabondecreation.fr\/en\/wp-json\/wp\/v2\/media?parent=8268"}],"wp:term":[{"taxonomy":"product_brand","embeddable":true,"href":"https:\/\/vagabondecreation.fr\/en\/wp-json\/wp\/v2\/product_brand?post=8268"},{"taxonomy":"product_cat","embeddable":true,"href":"https:\/\/vagabondecreation.fr\/en\/wp-json\/wp\/v2\/product_cat?post=8268"},{"taxonomy":"product_tag","embeddable":true,"href":"https:\/\/vagabondecreation.fr\/en\/wp-json\/wp\/v2\/product_tag?post=8268"}],"curies":[{"name":"wp","href":"https:\/\/api.w.org\/{rel}","templated":true}]}}