{"id":8269,"date":"2024-12-01T11:00:11","date_gmt":"2024-12-01T10:00:11","guid":{"rendered":"https:\/\/vagabondecreation.fr\/?post_type=product&#038;p=8269"},"modified":"2024-12-13T11:22:06","modified_gmt":"2024-12-13T10:22:06","slug":"tasse-chic","status":"publish","type":"product","link":"https:\/\/vagabondecreation.fr\/en\/product\/tasse-chic\/","title":{"rendered":"TASSE CHIC"},"content":{"rendered":"<p>La forme de cette tasse en c\u00e9ramique en fait un objet du quotidien raffin\u00e9.<\/p>\n<p>Vos boissons auront un go\u00fbt encore plus d\u00e9licieux dans cette adorable tasse.<\/p>\n<p>Tasse de couleur \u201cBLANC BRILLANT\u201d, enti\u00e8rement faite, fa\u00e7onn\u00e9e, \u00e9maill\u00e9e \u00e0 la main.<\/p>\n<p>Cette pi\u00e8ce a \u00e9t\u00e9 enti\u00e8rement faite au tour de fa\u00e7on artisanale.<\/p>\n<p>VENDUE \u00c0 L\u2019UNIT\u00c9.<\/p>\n<p>Notez que chaque pi\u00e8ce est faite \u00e0 la main de mani\u00e8re unique et peut avoir de l\u00e9g\u00e8res variations et\/ou imperfections. Conception limit\u00e9e, unique en son genre.<\/p>\n<p>J\u2019utilise du gr\u00e8s de haute qualit\u00e9, donc chaque pi\u00e8ce peut passer lave-vaisselle.<\/p>\n<p>CEPENDANT afin de prot\u00e9ger l\u2019\u00e9mail et de garder les couleurs sur vos pi\u00e8ces parfaites, il est recommand\u00e9 de les laver \u00e0 la main.<br \/>\nLe dessous de toutes les pi\u00e8ces est brut (sans \u00e9mail), ce n\u2019est pas possible d\u2019\u00e9mailler cette partie des poterie dans le processus.<\/p>\n<p>Exp\u00e9dition dans le monde entier, demandez plus d\u2019informations sur les frais d\u2019exp\u00e9dition vers d\u2019autres pays.<\/p>\n<p>DIMENSIONS:<\/p>\n<p>\u25e6 HAUTEUR: 9\/10 cm<\/p>\n<p>\u25e6 LONGUEUR: 13\/14 cm (en comptant l\u2019anse)<\/p>\n<p>\u25e6 LARGEUR: 9\/10 cm<\/p>\n<p>Pour en savoir plus, visitez ma page Instagram @vagabonde.creation .<\/p>","protected":false},"excerpt":{"rendered":"<p>Tasse blanche brillante, enti\u00e8rement faite, fa\u00e7onn\u00e9e &amp; \u00e9maill\u00e9e \u00e0 la main.<\/p>\n<p>Vos boissons auront un go\u00fbt encore plus d\u00e9licieux dans cette adorable tasse.<\/p>","protected":false},"featured_media":8574,"comment_status":"open","ping_status":"closed","template":"","meta":{"_acf_changed":false,"_monsterinsights_skip_tracking":false,"_monsterinsights_sitenote_active":false,"_monsterinsights_sitenote_note":"","_monsterinsights_sitenote_category":0},"product_brand":[],"product_cat":[155,38],"product_tag":[],"class_list":{"0":"post-8269","1":"product","2":"type-product","3":"status-publish","4":"has-post-thumbnail","6":"product_cat-nouvelle-collection","7":"product_cat-poterie","9":"first","10":"outofstock","11":"taxable","12":"shipping-taxable","13":"purchasable","14":"product-type-simple"},"acf":[],"jetpack_sharing_enabled":true,"_links":{"self":[{"href":"https:\/\/vagabondecreation.fr\/en\/wp-json\/wp\/v2\/product\/8269","targetHints":{"allow":["GET"]}}],"collection":[{"href":"https:\/\/vagabondecreation.fr\/en\/wp-json\/wp\/v2\/product"}],"about":[{"href":"https:\/\/vagabondecreation.fr\/en\/wp-json\/wp\/v2\/types\/product"}],"replies":[{"embeddable":true,"href":"https:\/\/vagabondecreation.fr\/en\/wp-json\/wp\/v2\/comments?post=8269"}],"wp:featuredmedia":[{"embeddable":true,"href":"https:\/\/vagabondecreation.fr\/en\/wp-json\/wp\/v2\/media\/8574"}],"wp:attachment":[{"href":"https:\/\/vagabondecreation.fr\/en\/wp-json\/wp\/v2\/media?parent=8269"}],"wp:term":[{"taxonomy":"product_brand","embeddable":true,"href":"https:\/\/vagabondecreation.fr\/en\/wp-json\/wp\/v2\/product_brand?post=8269"},{"taxonomy":"product_cat","embeddable":true,"href":"https:\/\/vagabondecreation.fr\/en\/wp-json\/wp\/v2\/product_cat?post=8269"},{"taxonomy":"product_tag","embeddable":true,"href":"https:\/\/vagabondecreation.fr\/en\/wp-json\/wp\/v2\/product_tag?post=8269"}],"curies":[{"name":"wp","href":"https:\/\/api.w.org\/{rel}","templated":true}]}}