{"id":8278,"date":"2024-12-01T11:00:41","date_gmt":"2024-12-01T10:00:41","guid":{"rendered":"https:\/\/vagabondecreation.fr\/?post_type=product&#038;p=8278"},"modified":"2025-01-21T19:25:17","modified_gmt":"2025-01-21T18:25:17","slug":"tasses-rococo","status":"publish","type":"product","link":"https:\/\/vagabondecreation.fr\/en\/product\/tasses-rococo\/","title":{"rendered":"TASSES ROCOCO"},"content":{"rendered":"<p>La forme UNIQUE de cette tasse et de cette anse en c\u00e9ramique en fait un objet de d\u00e9co raffin\u00e9. A vous de lui trouver la place parfaite dans votre quotidien.<\/p>\n<p>Mug disponible en diff\u00e9rentes designs.<\/p>\n<p>Enti\u00e8rement fait, fa\u00e7onn\u00e9, \u00e9maill\u00e9 \u00e0 la main. Les mugs ont \u00e9t\u00e9 model\u00e9s.<\/p>\n<p>Notez que chaque pi\u00e8ce est faite \u00e0 la main de mani\u00e8re unique et peut avoir de l\u00e9g\u00e8res variations et\/ou imperfections. Conception limit\u00e9e, unique en son genre. \u00c9tant fabriqu\u00e9es de fa\u00e7on artisanale, il peut donc y avoir de l\u00e9g\u00e8res variations en terme de dimensions et de couleur par rapport aux photos.<\/p>\n<p>Pour la r\u00e9alisation de ces tasses, j&#8217;ai utilis\u00e9 du gr\u00e8s blanc.<\/p>\n<p>Afin de prot\u00e9ger l\u2019\u00e9mail et de garder les couleurs sur vos pi\u00e8ces parfaites, il est recommand\u00e9 de laver mes pi\u00e8ces \u00e0 la main. Cependant mes cr\u00e9ations passent au lave-vaisselle ainsi qu&#8217;au micro-ond\u00e9.<\/p>\n<p>Exp\u00e9dition dans le monde entier, demandez plus d\u2019informations sur les frais d\u2019exp\u00e9dition vers d\u2019autres pays.<\/p>\n<p>DIMENSIONS:<\/p>\n<p>\u25e6 HAUTEUR: 8\/10 cm<\/p>\n<p>\u25e6 \u2300: 9\/10 cm<\/p>\n<p>Pour en savoir plus, visitez ma page Instagram\u00a0<a href=\"https:\/\/www.instagram.com\/vagabonde.creation\/?hl=fr\">@vagabonde.creation<\/a>\u00a0.<\/p>","protected":false},"excerpt":{"rendered":"<p>Fait main.<br \/>\nGr\u00e8s blanc.<br \/>\n\u00c9mail blanc brillant.<br \/>\nDimensions : \u00d8 9\/10 cm &#8211; h. 8\/10 cm<br \/>\nPoids : 450 gr<\/p>\n<p>&nbsp;<\/p>","protected":false},"featured_media":8582,"comment_status":"open","ping_status":"closed","template":"","meta":{"_acf_changed":false,"_monsterinsights_skip_tracking":false,"_monsterinsights_sitenote_active":false,"_monsterinsights_sitenote_note":"","_monsterinsights_sitenote_category":0},"product_brand":[],"product_cat":[155,38],"product_tag":[],"class_list":{"0":"post-8278","1":"product","2":"type-product","3":"status-publish","4":"has-post-thumbnail","6":"product_cat-nouvelle-collection","7":"product_cat-poterie","9":"first","10":"outofstock","11":"taxable","12":"shipping-taxable","13":"purchasable","14":"product-type-variable"},"acf":[],"jetpack_sharing_enabled":true,"_links":{"self":[{"href":"https:\/\/vagabondecreation.fr\/en\/wp-json\/wp\/v2\/product\/8278","targetHints":{"allow":["GET"]}}],"collection":[{"href":"https:\/\/vagabondecreation.fr\/en\/wp-json\/wp\/v2\/product"}],"about":[{"href":"https:\/\/vagabondecreation.fr\/en\/wp-json\/wp\/v2\/types\/product"}],"replies":[{"embeddable":true,"href":"https:\/\/vagabondecreation.fr\/en\/wp-json\/wp\/v2\/comments?post=8278"}],"wp:featuredmedia":[{"embeddable":true,"href":"https:\/\/vagabondecreation.fr\/en\/wp-json\/wp\/v2\/media\/8582"}],"wp:attachment":[{"href":"https:\/\/vagabondecreation.fr\/en\/wp-json\/wp\/v2\/media?parent=8278"}],"wp:term":[{"taxonomy":"product_brand","embeddable":true,"href":"https:\/\/vagabondecreation.fr\/en\/wp-json\/wp\/v2\/product_brand?post=8278"},{"taxonomy":"product_cat","embeddable":true,"href":"https:\/\/vagabondecreation.fr\/en\/wp-json\/wp\/v2\/product_cat?post=8278"},{"taxonomy":"product_tag","embeddable":true,"href":"https:\/\/vagabondecreation.fr\/en\/wp-json\/wp\/v2\/product_tag?post=8278"}],"curies":[{"name":"wp","href":"https:\/\/api.w.org\/{rel}","templated":true}]}}