{"id":846,"date":"2021-09-16T08:55:52","date_gmt":"2021-09-16T06:55:52","guid":{"rendered":"https:\/\/vagabondecreation.fr\/?post_type=product&#038;p=846"},"modified":"2021-12-30T16:09:25","modified_gmt":"2021-12-30T15:09:25","slug":"plateau-martele","status":"publish","type":"product","link":"https:\/\/vagabondecreation.fr\/en\/product\/plateau-martele\/","title":{"rendered":"PLATEAU MARTEL\u00c9"},"content":{"rendered":"<p>Plateau martel\u00e9 vernis, enti\u00e8rement fait, fa\u00e7onn\u00e9 et \u00e9maill\u00e9 \u00e0 la main.<\/p>\n<p>Chaque petite gravure est faite \u00e0 la main.<\/p>\n<p>Dans ce r\u00e9cipient vos aliments auront un go\u00fbt encore plus d\u00e9licieux.<\/p>\n<p><strong>Dimensions:<\/strong><\/p>\n<p>H 2 cm x L 34&#215;20 cm<\/p>\n<p><strong>Contenance:<\/strong><\/p>\n<p>Grande taille.<\/p>\n<p>Chaque pi\u00e8ce est faite \u00e0 la main de mani\u00e8re unique et peut avoir de l\u00e9g\u00e8res variations et\/ou imperfections. Conception limit\u00e9e, unique en son genre.<\/p>\n<p>J\u2019utilise du gr\u00e8s de haute qualit\u00e9, donc chaque pi\u00e8ce peut passer lave-vaisselle et un four micro-ondes. CEPENDANT afin de prot\u00e9ger l\u2019\u00e9mail et de garder les couleurs sur vos pi\u00e8ces parfaites, il est recommand\u00e9 de les laver \u00e0 la main.<br \/>\nLe dessous de toutes les pi\u00e8ces est brut (sans \u00e9mail), ce n\u2019est pas possible d\u2019\u00e9mailler cette partie des poterie dans le processus.<\/p>\n<p>Exp\u00e9dition dans le monde entier, demandez plus d\u2019informations sur les frais d\u2019exp\u00e9dition vers d\u2019autres pays.<\/p>\n<p>Pour en savoir plus, visitez ma page Instagram @vagabonde.creation .<\/p>","protected":false},"excerpt":{"rendered":"<p>Plateau martel\u00e9 vernis, enti\u00e8rement fait, fa\u00e7onn\u00e9 et \u00e9maill\u00e9 \u00e0 la main.<\/p>","protected":false},"featured_media":852,"comment_status":"open","ping_status":"closed","template":"","meta":{"_acf_changed":false,"_monsterinsights_skip_tracking":false,"_monsterinsights_sitenote_active":false,"_monsterinsights_sitenote_note":"","_monsterinsights_sitenote_category":0},"product_brand":[],"product_cat":[38],"product_tag":[],"class_list":{"0":"post-846","1":"product","2":"type-product","3":"status-publish","4":"has-post-thumbnail","6":"product_cat-poterie","8":"first","9":"outofstock","10":"taxable","11":"shipping-taxable","12":"purchasable","13":"product-type-simple"},"acf":[],"jetpack_sharing_enabled":true,"_links":{"self":[{"href":"https:\/\/vagabondecreation.fr\/en\/wp-json\/wp\/v2\/product\/846","targetHints":{"allow":["GET"]}}],"collection":[{"href":"https:\/\/vagabondecreation.fr\/en\/wp-json\/wp\/v2\/product"}],"about":[{"href":"https:\/\/vagabondecreation.fr\/en\/wp-json\/wp\/v2\/types\/product"}],"replies":[{"embeddable":true,"href":"https:\/\/vagabondecreation.fr\/en\/wp-json\/wp\/v2\/comments?post=846"}],"wp:featuredmedia":[{"embeddable":true,"href":"https:\/\/vagabondecreation.fr\/en\/wp-json\/wp\/v2\/media\/852"}],"wp:attachment":[{"href":"https:\/\/vagabondecreation.fr\/en\/wp-json\/wp\/v2\/media?parent=846"}],"wp:term":[{"taxonomy":"product_brand","embeddable":true,"href":"https:\/\/vagabondecreation.fr\/en\/wp-json\/wp\/v2\/product_brand?post=846"},{"taxonomy":"product_cat","embeddable":true,"href":"https:\/\/vagabondecreation.fr\/en\/wp-json\/wp\/v2\/product_cat?post=846"},{"taxonomy":"product_tag","embeddable":true,"href":"https:\/\/vagabondecreation.fr\/en\/wp-json\/wp\/v2\/product_tag?post=846"}],"curies":[{"name":"wp","href":"https:\/\/api.w.org\/{rel}","templated":true}]}}