{"id":8803,"date":"2025-02-16T18:00:48","date_gmt":"2025-02-16T17:00:48","guid":{"rendered":"https:\/\/vagabondecreation.fr\/?post_type=product&#038;p=8803"},"modified":"2025-03-07T20:15:11","modified_gmt":"2025-03-07T19:15:11","slug":"adultes-mercredis-18h30-20h30","status":"publish","type":"product","link":"https:\/\/vagabondecreation.fr\/en\/product\/adultes-mercredis-18h30-20h30\/","title":{"rendered":"ADULTES MERCREDIS SOIRS 18H30-20H30"},"content":{"rendered":"<p>Gr\u00e2ce \u00e0 ce pack de cours AU TRIMESTRE tr\u00e8s complet vous apprendrez la technique\u00a0<strong>du<\/strong>\u00a0<strong>modelage et de l\u2019\u00e9maillage de vos pi\u00e8ces, des astuces que j\u2019utilise au quotidien et bien plus<\/strong>. Ces cours conviennent parfaitement aux d\u00e9butants qui souhaitent apprendre les techniques de poterie g\u00e9n\u00e9rales mais aussi aux personnes d\u00e9j\u00e0 initi\u00e9es qui souhaitent perfectionner leurs techniques et progresser dans leur pratique.<\/p>\n<p>&nbsp;<\/p>\n<p>TARIF POUR LE TRIMESTRE: <b>450\u20ac<\/b>.<\/p>\n<p>(soit 12 sessions de 2h chacune = 24h de cours)<\/p>\n<p>&nbsp;<\/p>\n<p>Le trimestre peut \u00eatre pay\u00e9:<\/p>\n<ul>\n<li>en 1 fois: paiement \u00e0 effectuer gr\u00e2ce au bouton ci-dessous.<\/li>\n<li>ou en 3 fois SANS FRAIS \u00a0(voir directement au studio ou par sms au 07 69 80 29 39).<\/li>\n<\/ul>\n<p>Pour r\u00e9server votre place; il suffit de payer le premier mois (150\u20ac) au studio ou de r\u00e9server le trimestre complet en cliquant sur le bouton juste en dessous.<\/p>\n<p>&nbsp;<\/p>\n<p>Pour r\u00e9server votre place; il suffit de payer la caution de 100\u20ac en cliquant ci-dessous.<\/p>\n<p>Une fois la caution pay\u00e9e; vous \u00eates enregistr\u00e9 pour le trimestre ouvert au inscriptions.<\/p>\n<p>&nbsp;<\/p>\n<p>Les cours se d\u00e9roulent par session de 2h les MERCREDIS SOIRS de 18:30 \u00e0 20:30.<\/p>\n<p>Tout est compris dans le tarif : la terre, les cuissons, les mati\u00e8res premi\u00e8res et les outils.<\/p>\n<p>&nbsp;<\/p>","protected":false},"excerpt":{"rendered":"<p>Gr\u00e2ce \u00e0 ce trimestre de cours tr\u00e8s complet vous apprendrez la technique\u00a0<strong>du<\/strong>\u00a0<strong>modelage et de l\u2019\u00e9maillage de vos pi\u00e8ces, des astuces que j\u2019utilise au quotidien et bien plus<\/strong>. Ces cours conviennent parfaitement aux d\u00e9butants qui souhaitent apprendre les techniques de poterie g\u00e9n\u00e9rales mais aussi aux personnes d\u00e9j\u00e0 initi\u00e9es qui souhaitent perfectionner leurs techniques et progresser dans leur pratique.<\/p>\n<p>&nbsp;<\/p>\n<p>TARIF POUR LE TRIMESTRE: <b>450\u20ac<\/b>.<\/p>\n<p>(soit 12 sessions)<\/p>\n<p>&nbsp;<\/p>\n<p>Le trimestre peut \u00eatre pay\u00e9:<\/p>\n<ul>\n<li>en 1 fois: paiement \u00e0 effectuer gr\u00e2ce au bouton ci-dessous.<\/li>\n<li>ou en 3 fois SANS FRAIS \u00a0(voir directement au studio ou par sms au 07 69 80 29 39).<\/li>\n<\/ul>\n<p>Pour r\u00e9server votre place; il suffit de payer le premier mois (150\u20ac) au studio ou de r\u00e9server le trimestre complet en cliquant sur le bouton juste en dessous.<\/p>\n<p>&nbsp;<\/p>\n<p>Les cours se d\u00e9roulent par session de 2h les MERCREDIS SOIRS de 18:30 \u00e0 20:30.<\/p>\n<p>Tout est compris dans le tarif : la terre, les cuissons, les mati\u00e8res premi\u00e8res et les outils.<\/p>","protected":false},"featured_media":4337,"comment_status":"open","ping_status":"closed","template":"","meta":{"_acf_changed":false,"_monsterinsights_skip_tracking":false,"_monsterinsights_sitenote_active":false,"_monsterinsights_sitenote_note":"","_monsterinsights_sitenote_category":0},"product_brand":[],"product_cat":[162,121],"product_tag":[],"class_list":{"0":"post-8803","1":"product","2":"type-product","3":"status-publish","4":"has-post-thumbnail","6":"product_cat-cours-trimestre","7":"product_cat-cours","8":"product_shipping_class-livraison-gratuite","10":"first","11":"instock","12":"virtual","13":"taxable","14":"purchasable","15":"product-type-simple"},"acf":[],"jetpack_sharing_enabled":true,"_links":{"self":[{"href":"https:\/\/vagabondecreation.fr\/en\/wp-json\/wp\/v2\/product\/8803","targetHints":{"allow":["GET"]}}],"collection":[{"href":"https:\/\/vagabondecreation.fr\/en\/wp-json\/wp\/v2\/product"}],"about":[{"href":"https:\/\/vagabondecreation.fr\/en\/wp-json\/wp\/v2\/types\/product"}],"replies":[{"embeddable":true,"href":"https:\/\/vagabondecreation.fr\/en\/wp-json\/wp\/v2\/comments?post=8803"}],"wp:featuredmedia":[{"embeddable":true,"href":"https:\/\/vagabondecreation.fr\/en\/wp-json\/wp\/v2\/media\/4337"}],"wp:attachment":[{"href":"https:\/\/vagabondecreation.fr\/en\/wp-json\/wp\/v2\/media?parent=8803"}],"wp:term":[{"taxonomy":"product_brand","embeddable":true,"href":"https:\/\/vagabondecreation.fr\/en\/wp-json\/wp\/v2\/product_brand?post=8803"},{"taxonomy":"product_cat","embeddable":true,"href":"https:\/\/vagabondecreation.fr\/en\/wp-json\/wp\/v2\/product_cat?post=8803"},{"taxonomy":"product_tag","embeddable":true,"href":"https:\/\/vagabondecreation.fr\/en\/wp-json\/wp\/v2\/product_tag?post=8803"}],"curies":[{"name":"wp","href":"https:\/\/api.w.org\/{rel}","templated":true}]}}