{"id":8812,"date":"2025-02-16T18:30:50","date_gmt":"2025-02-16T17:30:50","guid":{"rendered":"https:\/\/vagabondecreation.fr\/?post_type=product&#038;p=8812"},"modified":"2025-02-19T18:05:35","modified_gmt":"2025-02-19T17:05:35","slug":"enfants-mercredis-apres-midi-14h30-16h00","status":"publish","type":"product","link":"https:\/\/vagabondecreation.fr\/en\/product\/enfants-mercredis-apres-midi-14h30-16h00\/","title":{"rendered":"ENFANTS MERCREDIS APR\u00c8S-MIDI 14H30-16H00"},"content":{"rendered":"<p>Gr\u00e2ce \u00e0 ce pack AU TRIMESTRE de cours tr\u00e8s complets\u00a0les enfants d\u00e9couvrent la magie de la poterie tout en s\u2019amusant ! \u00c0 chaque cours, un nouveau th\u00e8me leur est propos\u00e9 pour stimuler leur cr\u00e9ativit\u00e9 et leur apprendre diff\u00e9rentes techniques de modelage. <strong>Ils apprendront \u00e0 fa\u00e7onner l\u2019argile, \u00e0 d\u00e9corer leurs cr\u00e9ations et \u00e0 les \u00e9mailler pour leur donner de jolies couleurs.<\/strong><\/p>\n<p data-start=\"415\" data-end=\"665\">Ces cours sont parfaits pour les petits cr\u00e9atifs, qu\u2019ils soient d\u00e9butants ou d\u00e9j\u00e0 \u00e0 l\u2019aise avec la terre.<\/p>\n<p>TARIF POUR LE TRIMESTRE:\u00a0<b>360\u20ac<\/b>. (soit 12 sessions)<\/p>\n<p>Le trimestre peut \u00eatre pay\u00e9:<\/p>\n<ul>\n<li>en 1 fois: paiement \u00e0 effectuer gr\u00e2ce au bouton ci-dessous.<\/li>\n<li>ou en 3 fois SANS FRAIS \u00a0(voir directement au studio ou par sms au 07 69 80 29 39).<\/li>\n<\/ul>\n<p>&nbsp;<\/p>\n<p>Pour r\u00e9server votre place; il suffit de payer le premier mois (120\u20ac) au studio ou de r\u00e9server le trimestre complet en cliquant sur le bouton juste en dessous.<\/p>\n<p>&nbsp;<\/p>\n<p>Les cours se d\u00e9roulent par session de 1h30 les MERCREDIS APR\u00c8S-MIDI de 14:30 \u00e0 16:00.<\/p>\n<p>Tout est compris dans le tarif : la terre, les cuissons, les mati\u00e8res premi\u00e8res et les outils.<\/p>\n<p>&nbsp;<\/p>","protected":false},"excerpt":{"rendered":"<p>Gr\u00e2ce \u00e0 ce pack AU TRIMESTRE de cours tr\u00e8s complets\u00a0les enfants d\u00e9couvrent la magie de la poterie tout en s\u2019amusant ! \u00c0 chaque cours, un nouveau th\u00e8me leur est propos\u00e9 pour stimuler leur cr\u00e9ativit\u00e9 et leur apprendre diff\u00e9rentes techniques de modelage. <strong>Ils apprendront \u00e0 fa\u00e7onner l\u2019argile, \u00e0 d\u00e9corer leurs cr\u00e9ations et \u00e0 les \u00e9mailler pour leur donner de jolies couleurs.<\/strong><\/p>\n<p data-start=\"415\" data-end=\"665\">Ces cours sont parfaits pour les petits cr\u00e9atifs, qu\u2019ils soient d\u00e9butants ou d\u00e9j\u00e0 \u00e0 l\u2019aise avec la terre.<\/p>\n<p>TARIF POUR LE TRIMESTRE:\u00a0<b>360\u20ac<\/b>. (soit 12 sessions)<\/p>\n<p>&nbsp;<\/p>\n<p>Le trimestre peut \u00eatre pay\u00e9:<\/p>\n<ul>\n<li>en 1 fois: paiement \u00e0 effectuer gr\u00e2ce au bouton ci-dessous.<\/li>\n<li>ou en 3 fois SANS FRAIS \u00a0(voir directement au studio ou par sms au 07 69 80 29 39).<\/li>\n<\/ul>\n<p>Pour r\u00e9server votre place; il suffit de payer le premier mois (120\u20ac) au studio ou de r\u00e9server le trimestre complet en cliquant sur le bouton juste en dessous.<\/p>\n<p>&nbsp;<\/p>\n<p>Les cours se d\u00e9roulent par session de 1h30 les MERCREDIS APR\u00c8S-MIDI de 14:30 \u00e0 16:00.<\/p>\n<p>Tout est compris dans le tarif : la terre, les cuissons, les mati\u00e8res premi\u00e8res et les outils.<\/p>\n<p>&nbsp;<\/p>","protected":false},"featured_media":8762,"comment_status":"open","ping_status":"closed","template":"","meta":{"_acf_changed":false,"_monsterinsights_skip_tracking":false,"_monsterinsights_sitenote_active":false,"_monsterinsights_sitenote_note":"","_monsterinsights_sitenote_category":0},"product_brand":[],"product_cat":[162,121],"product_tag":[],"class_list":{"0":"post-8812","1":"product","2":"type-product","3":"status-publish","4":"has-post-thumbnail","6":"product_cat-cours-trimestre","7":"product_cat-cours","8":"product_shipping_class-livraison-gratuite","10":"first","11":"instock","12":"virtual","13":"taxable","14":"purchasable","15":"product-type-simple"},"acf":[],"jetpack_sharing_enabled":true,"_links":{"self":[{"href":"https:\/\/vagabondecreation.fr\/en\/wp-json\/wp\/v2\/product\/8812","targetHints":{"allow":["GET"]}}],"collection":[{"href":"https:\/\/vagabondecreation.fr\/en\/wp-json\/wp\/v2\/product"}],"about":[{"href":"https:\/\/vagabondecreation.fr\/en\/wp-json\/wp\/v2\/types\/product"}],"replies":[{"embeddable":true,"href":"https:\/\/vagabondecreation.fr\/en\/wp-json\/wp\/v2\/comments?post=8812"}],"wp:featuredmedia":[{"embeddable":true,"href":"https:\/\/vagabondecreation.fr\/en\/wp-json\/wp\/v2\/media\/8762"}],"wp:attachment":[{"href":"https:\/\/vagabondecreation.fr\/en\/wp-json\/wp\/v2\/media?parent=8812"}],"wp:term":[{"taxonomy":"product_brand","embeddable":true,"href":"https:\/\/vagabondecreation.fr\/en\/wp-json\/wp\/v2\/product_brand?post=8812"},{"taxonomy":"product_cat","embeddable":true,"href":"https:\/\/vagabondecreation.fr\/en\/wp-json\/wp\/v2\/product_cat?post=8812"},{"taxonomy":"product_tag","embeddable":true,"href":"https:\/\/vagabondecreation.fr\/en\/wp-json\/wp\/v2\/product_tag?post=8812"}],"curies":[{"name":"wp","href":"https:\/\/api.w.org\/{rel}","templated":true}]}}