{"id":8886,"date":"2025-05-27T14:52:18","date_gmt":"2025-05-27T12:52:18","guid":{"rendered":"https:\/\/vagabondecreation.fr\/?post_type=product&#038;p=8886"},"modified":"2025-07-16T10:31:49","modified_gmt":"2025-07-16T08:31:49","slug":"tasse-mondaine","status":"publish","type":"product","link":"https:\/\/vagabondecreation.fr\/en\/product\/tasse-mondaine\/","title":{"rendered":"TASSE COQUETTE"},"content":{"rendered":"<h6>Avec sa silhouette \u00e9vas\u00e9e et son \u00e9mail transparent brillant sur un gr\u00e8s \u00e9cru doux comme une peau poudr\u00e9e, cette tasse semble tout droit sortie d\u2019un boudoir du XVIIIe si\u00e8cle.<\/h6>\n<h6>Sa ligne voluptueuse rappelle une robe de bal, tandis que sa anse fine se dessine comme un bracelet d\u00e9licat autour de vos doigts.<\/h6>\n<h6><\/h6>\n<h6>Enti\u00e8rement tourn\u00e9e, peinte et \u00e9maill\u00e9e \u00e0 la main, chaque tasse est une pi\u00e8ce unique, aux courbes parfaitement imparfaites qui font tout son charme.<\/h6>\n<h6><\/h6>\n<h6>Comme un petit air pr\u00e9cieux, mais jamais pr\u00e9tentieux.<\/h6>\n<h6>On y verse son caf\u00e9, son th\u00e9 ou un chocolat chaud comme on \u00e9crirait un mot doux : avec intention.<\/h6>\n<h6><\/h6>\n<h6><strong><em>Dimensions approximatives:<\/em><\/strong><\/h6>\n<h6>Hauteur: 11 \u00e0 13 cm<\/h6>\n<h6>Diam\u00e8tre: 8 \u00e0 9 cm<\/h6>\n<h6>(longueur avec anse: 12 \u00e0 14 cm)<\/h6>\n<h6>(chaque pi\u00e8ce peut varier l\u00e9g\u00e8rement)<\/h6>\n<h6><\/h6>\n<h6><strong><em>Gr\u00e8s de haute qualit\u00e9:<\/em><\/strong> compatible lave-vaisselle et micro-ondes, m\u00eame si un lavage \u00e0 la main est recommand\u00e9 afin de pr\u00e9server son \u00e9clat.<\/h6>\n<h6><\/h6>\n<h6>Le dessous est laiss\u00e9 brut par obligation lors du passage au four, mais c&#8217;est aussi un clin d\u2019\u0153il \u00e0 l\u2019authenticit\u00e9 de la terre.<\/h6>\n<h6><\/h6>\n<h6><\/h6>\n<h6><\/h6>\n<h6>Envoi soign\u00e9, possible dans le monde entier.<\/h6>\n<h6>Pour toute demande sp\u00e9cifique, n\u2019h\u00e9sitez pas \u00e0 me contacter.<\/h6>\n<h6><\/h6>\n<h6><\/h6>\n<h6>Et pour suivre les coulisses de fabrication \u00e0 l\u2019atelier : <u><a href=\"https:\/\/www.instagram.com\/vagabonde.creation\">@vagabonde.creation<\/a><\/u><\/h6>","protected":false},"excerpt":{"rendered":"<p>Avec sa silhouette \u00e9vas\u00e9e et son \u00e9mail transparent brillant sur un gr\u00e8s \u00e9cru doux comme une peau poudr\u00e9e,&#8230;<\/p>","protected":false},"featured_media":8913,"comment_status":"open","ping_status":"closed","template":"","meta":{"_acf_changed":false,"_monsterinsights_skip_tracking":false,"_monsterinsights_sitenote_active":false,"_monsterinsights_sitenote_note":"","_monsterinsights_sitenote_category":0},"product_brand":[],"product_cat":[38],"product_tag":[],"class_list":{"0":"post-8886","1":"product","2":"type-product","3":"status-publish","4":"has-post-thumbnail","6":"product_cat-poterie","8":"first","9":"outofstock","10":"taxable","11":"shipping-taxable","12":"purchasable","13":"product-type-variable"},"acf":[],"jetpack_sharing_enabled":true,"_links":{"self":[{"href":"https:\/\/vagabondecreation.fr\/en\/wp-json\/wp\/v2\/product\/8886","targetHints":{"allow":["GET"]}}],"collection":[{"href":"https:\/\/vagabondecreation.fr\/en\/wp-json\/wp\/v2\/product"}],"about":[{"href":"https:\/\/vagabondecreation.fr\/en\/wp-json\/wp\/v2\/types\/product"}],"replies":[{"embeddable":true,"href":"https:\/\/vagabondecreation.fr\/en\/wp-json\/wp\/v2\/comments?post=8886"}],"wp:featuredmedia":[{"embeddable":true,"href":"https:\/\/vagabondecreation.fr\/en\/wp-json\/wp\/v2\/media\/8913"}],"wp:attachment":[{"href":"https:\/\/vagabondecreation.fr\/en\/wp-json\/wp\/v2\/media?parent=8886"}],"wp:term":[{"taxonomy":"product_brand","embeddable":true,"href":"https:\/\/vagabondecreation.fr\/en\/wp-json\/wp\/v2\/product_brand?post=8886"},{"taxonomy":"product_cat","embeddable":true,"href":"https:\/\/vagabondecreation.fr\/en\/wp-json\/wp\/v2\/product_cat?post=8886"},{"taxonomy":"product_tag","embeddable":true,"href":"https:\/\/vagabondecreation.fr\/en\/wp-json\/wp\/v2\/product_tag?post=8886"}],"curies":[{"name":"wp","href":"https:\/\/api.w.org\/{rel}","templated":true}]}}